{"id":450,"date":"2020-09-11T12:35:10","date_gmt":"2020-09-11T12:35:10","guid":{"rendered":"https:\/\/lochting.dev003.baldwin.be\/about\/"},"modified":"2023-07-12T14:23:48","modified_gmt":"2023-07-12T14:23:48","slug":"about","status":"publish","type":"page","link":"https:\/\/www.lochting.com\/de\/about\/","title":{"rendered":"Euh, lochting?"},"content":{"rendered":"\n<p class=\"has-text-align-center\"><p class=\"intro\" style=\"text-align: center;\">Nun, in West Fl\u00e4misch ist ein <em>Lochting<\/em> ein Garten. Das Wort tauchte erstmals um 1200 n. Chr. in schriftlichen Dokumenten auf. Es ist ein Ort, an dem Sie sich wohl f\u00fchlen, an dem Sie einige gro\u00dfartige Dinge anbauen k\u00f6nnen, ohne woanders hingehen zu m\u00fcssen. Genau wie unsere Plattform. Lochting wurde entwickelt, um Ihnen beim Wachstum Ihres Unternehmens zu helfen, so dass Sie alle Ihre kommerziellen Bem\u00fchungen an einem Ort verwalten k\u00f6nnen.<\/p>\n&nbsp;<\/p>\n\n\n<div class=\"wp-block-image\"><figure class=\"aligncenter\"><img decoding=\"async\" width=\"1000\" height=\"530\" src=\"https:\/\/www.lochting.com\/app\/uploads\/2021\/07\/Lochting.png\" alt=\"Lochting\" class=\"wp-image-1986\" title=\"Lochting\" srcset=\"https:\/\/www.lochting.com\/app\/uploads\/2021\/07\/Lochting.png 1000w, https:\/\/www.lochting.com\/app\/uploads\/2021\/07\/Lochting-250x133.png 250w, https:\/\/www.lochting.com\/app\/uploads\/2021\/07\/Lochting-768x407.png 768w, https:\/\/www.lochting.com\/app\/uploads\/2021\/07\/Lochting-90x48.png 90w, https:\/\/www.lochting.com\/app\/uploads\/2021\/07\/Lochting-105x56.png 105w, https:\/\/www.lochting.com\/app\/uploads\/2021\/07\/Lochting-500x265.png 500w\" sizes=\"(max-width: 576px) 100vw, (max-width: 768px) 50vw, (max-width: 992px) 40vw, (max-width: 1200px) 60vw, (max-width: 1400px) 80vw, 1700px\" \/><\/figure><\/div>\n\n\n<p>&nbsp;<p><strong>lochting<\/strong>* [<strong>Garten<\/strong>, Hof] {<em>lochtinc, lochten<\/em>(e), <em>lochteuine<\/em> [offener Raum oder Garten in der N\u00e4he eines Hauses] 1272} von <em>look1<\/em> [eine Pflanze] + <em>tuin<\/em> (Garten<em>), <\/em>&nbsp;vgl. Altenglisch<em> l\u0113ac-t\u016bn<\/em> [Gem\u00fcsegarten] (vgl. <em>loggia, loge, lobby<\/em>).<\/p><\/p>\n\n\n\n<p><strong>Lochtink Substantiv<\/strong>: Gem\u00fcsegarten, Hintergarten, Garten. Haupts\u00e4chlich fl\u00e4misch.&nbsp; <em>lochtinc<\/em>, <em>lochtuun<\/em> &#8216;Gem\u00fcsegarten&#8217;, 1396 <em>lochtinc<\/em>, &nbsp;Oudenaarde (Hoebeke 1968), haupts\u00e4chlich 1562&nbsp; lochtinc &#8216;iardin&#8217; (Lambrecht), <em>lochtinck<\/em> &#8216;Garten&#8217; (Kiliaan). &nbsp;Von Lochtuun <em>&nbsp;&lt; looctuun<\/em> &#8216;Gem\u00fcsegarten&#8217;. Vgl. Altenglisch. <em>l\u00eaact\u00fbn<\/em> &#8216;Gem\u00fcsegarten&#8217;, \u00e4lteres englisch <em>leighten<\/em> &#8216;Garten&#8217;. &nbsp;Hoebeke 1968, 410-414 konnte auch keine bessere Erkl\u00e4rung als die von C identifizieren. &nbsp;Vereecken vorerst, hat aber dennoch Einw\u00e4nde auf der Grundlage der alten Oudenaarde-Formen: -1272 &nbsp;lochtwijn, 1285 <em>ieghen den lochtwijn<\/em>, 1288 <em>van .<\/em> &nbsp;<em>j. <\/em>&nbsp;<em>Lochteuine<\/em>, 13. Jh. &nbsp;<em>Lochtewin<\/em>, <em>\u00b1<\/em> 1300 <em>achter lays lochtuin<\/em>, 1320 den <em>lochtwine<\/em>, 1355 <em>van den lochtin<\/em>, 1369 <em>bruuns lochtwin.<\/em> &nbsp;<em>&nbsp;<\/em>&#8211; &nbsp;Bibl.: C. Tavernier-Vereecken, <em>De etymologie van lochting (Die Etymologie von<\/em> &#8216;<em>lochting&#8217;). Med. <\/em>&nbsp;<em>Naamk.<\/em> &nbsp;28 (1952), 81-84.<\/p>\n\n\n\n<p class=\"has-text-align-left\"><strong>Meditech<\/strong>, der Marktf\u00fchrer in der Apothekenautomatisierung, und <strong>Baldwin<\/strong>, Pionier bei Unified-Commerce-L\u00f6sungen, b\u00fcndeln ihre Kr\u00e4fte in einem einzigen Tool, <strong>Lochting<\/strong>.<\/p>\n","protected":false},"excerpt":{"rendered":"<p>Nun, in West Fl\u00e4misch ist ein Lochting ein Garten. Das Wort tauchte erstmals um 1200 n. Chr. in schriftlichen Dokumenten auf. Es ist ein Ort, an dem Sie sich wohl f\u00fchlen, an dem Sie einige gro\u00dfartige Dinge anbauen k\u00f6nnen, ohne<\/p>\n","protected":false},"author":1,"featured_media":0,"parent":0,"menu_order":0,"comment_status":"closed","ping_status":"closed","template":"views\/template-no-contact-block.blade.php","meta":{"_acf_changed":false,"footnotes":""},"class_list":["post-450","page","type-page","status-publish","hentry"],"acf":[],"yoast_head":"<!-- This site is optimized with the Yoast SEO plugin v22.9 - https:\/\/yoast.com\/wordpress\/plugins\/seo\/ -->\n<title>\u00dcber den Unified Commerce Garden | Lochting<\/title>\n<meta name=\"description\" content=\"Lochting, der Unified Commerce Garden, verwaltet alle kommerziellen Bem\u00fchungen auf einer Plattform: Webshop, App, Bestellkiosk, digitale Bildschirme und Produktdatenbank.\" \/>\n<meta name=\"robots\" content=\"index, follow, max-snippet:-1, max-image-preview:large, max-video-preview:-1\" \/>\n<link rel=\"canonical\" href=\"https:\/\/www.lochting.com\/de\/about\/\" \/>\n<meta property=\"og:locale\" content=\"de_DE\" \/>\n<meta property=\"og:type\" content=\"article\" \/>\n<meta property=\"og:title\" content=\"\u00dcber den Unified Commerce Garden | Lochting\" \/>\n<meta property=\"og:description\" content=\"Lochting, der Unified Commerce Garden, verwaltet alle kommerziellen Bem\u00fchungen auf einer Plattform: Webshop, App, Bestellkiosk, digitale Bildschirme und Produktdatenbank.\" \/>\n<meta property=\"og:url\" content=\"https:\/\/www.lochting.com\/de\/about\/\" \/>\n<meta property=\"og:site_name\" content=\"Lochting\" \/>\n<meta property=\"article:modified_time\" content=\"2023-07-12T14:23:48+00:00\" \/>\n<meta property=\"og:image\" content=\"https:\/\/wp-dev.lochting.com\/app\/uploads\/2021\/07\/Lochting.png\" \/>\n<meta name=\"twitter:card\" content=\"summary_large_image\" \/>\n<meta name=\"twitter:label1\" content=\"Est. reading time\" \/>\n\t<meta name=\"twitter:data1\" content=\"2 minutes\" \/>\n<script type=\"application\/ld+json\" class=\"yoast-schema-graph\">{\"@context\":\"https:\/\/schema.org\",\"@graph\":[{\"@type\":\"WebPage\",\"@id\":\"https:\/\/www.lochting.com\/de\/about\/\",\"url\":\"https:\/\/www.lochting.com\/de\/about\/\",\"name\":\"\u00dcber den Unified Commerce Garden | Lochting\",\"isPartOf\":{\"@id\":\"https:\/\/www.lochting.com\/de\/#website\"},\"primaryImageOfPage\":{\"@id\":\"https:\/\/www.lochting.com\/de\/about\/#primaryimage\"},\"image\":{\"@id\":\"https:\/\/www.lochting.com\/de\/about\/#primaryimage\"},\"thumbnailUrl\":\"https:\/\/www.lochting.com\/app\/uploads\/2021\/07\/Lochting.png\",\"datePublished\":\"2020-09-11T12:35:10+00:00\",\"dateModified\":\"2023-07-12T14:23:48+00:00\",\"description\":\"Lochting, der Unified Commerce Garden, verwaltet alle kommerziellen Bem\u00fchungen auf einer Plattform: Webshop, App, Bestellkiosk, digitale Bildschirme und Produktdatenbank.\",\"breadcrumb\":{\"@id\":\"https:\/\/www.lochting.com\/de\/about\/#breadcrumb\"},\"inLanguage\":\"de-DE\",\"potentialAction\":[{\"@type\":\"ReadAction\",\"target\":[\"https:\/\/www.lochting.com\/de\/about\/\"]}]},{\"@type\":\"ImageObject\",\"inLanguage\":\"de-DE\",\"@id\":\"https:\/\/www.lochting.com\/de\/about\/#primaryimage\",\"url\":\"https:\/\/www.lochting.com\/app\/uploads\/2021\/07\/Lochting.png\",\"contentUrl\":\"https:\/\/www.lochting.com\/app\/uploads\/2021\/07\/Lochting.png\"},{\"@type\":\"BreadcrumbList\",\"@id\":\"https:\/\/www.lochting.com\/de\/about\/#breadcrumb\",\"itemListElement\":[{\"@type\":\"ListItem\",\"position\":1,\"name\":\"Home\",\"item\":\"https:\/\/wp-dev.lochting.com\/de\/\"},{\"@type\":\"ListItem\",\"position\":2,\"name\":\"Euh, lochting?\"}]},{\"@type\":\"WebSite\",\"@id\":\"https:\/\/www.lochting.com\/de\/#website\",\"url\":\"https:\/\/www.lochting.com\/de\/\",\"name\":\"Lochting\",\"description\":\"All your pharmacy sales channels on one platform\",\"potentialAction\":[{\"@type\":\"SearchAction\",\"target\":{\"@type\":\"EntryPoint\",\"urlTemplate\":\"https:\/\/www.lochting.com\/de\/?s={search_term_string}\"},\"query-input\":\"required name=search_term_string\"}],\"inLanguage\":\"de-DE\"}]}<\/script>\n<!-- \/ Yoast SEO plugin. -->","yoast_head_json":{"title":"\u00dcber den Unified Commerce Garden | Lochting","description":"Lochting, der Unified Commerce Garden, verwaltet alle kommerziellen Bem\u00fchungen auf einer Plattform: Webshop, App, Bestellkiosk, digitale Bildschirme und Produktdatenbank.","robots":{"index":"index","follow":"follow","max-snippet":"max-snippet:-1","max-image-preview":"max-image-preview:large","max-video-preview":"max-video-preview:-1"},"canonical":"https:\/\/www.lochting.com\/de\/about\/","og_locale":"de_DE","og_type":"article","og_title":"\u00dcber den Unified Commerce Garden | Lochting","og_description":"Lochting, der Unified Commerce Garden, verwaltet alle kommerziellen Bem\u00fchungen auf einer Plattform: Webshop, App, Bestellkiosk, digitale Bildschirme und Produktdatenbank.","og_url":"https:\/\/www.lochting.com\/de\/about\/","og_site_name":"Lochting","article_modified_time":"2023-07-12T14:23:48+00:00","og_image":[{"url":"https:\/\/wp-dev.lochting.com\/app\/uploads\/2021\/07\/Lochting.png"}],"twitter_card":"summary_large_image","twitter_misc":{"Est. reading time":"2 minutes"},"schema":{"@context":"https:\/\/schema.org","@graph":[{"@type":"WebPage","@id":"https:\/\/www.lochting.com\/de\/about\/","url":"https:\/\/www.lochting.com\/de\/about\/","name":"\u00dcber den Unified Commerce Garden | Lochting","isPartOf":{"@id":"https:\/\/www.lochting.com\/de\/#website"},"primaryImageOfPage":{"@id":"https:\/\/www.lochting.com\/de\/about\/#primaryimage"},"image":{"@id":"https:\/\/www.lochting.com\/de\/about\/#primaryimage"},"thumbnailUrl":"https:\/\/www.lochting.com\/app\/uploads\/2021\/07\/Lochting.png","datePublished":"2020-09-11T12:35:10+00:00","dateModified":"2023-07-12T14:23:48+00:00","description":"Lochting, der Unified Commerce Garden, verwaltet alle kommerziellen Bem\u00fchungen auf einer Plattform: Webshop, App, Bestellkiosk, digitale Bildschirme und Produktdatenbank.","breadcrumb":{"@id":"https:\/\/www.lochting.com\/de\/about\/#breadcrumb"},"inLanguage":"de-DE","potentialAction":[{"@type":"ReadAction","target":["https:\/\/www.lochting.com\/de\/about\/"]}]},{"@type":"ImageObject","inLanguage":"de-DE","@id":"https:\/\/www.lochting.com\/de\/about\/#primaryimage","url":"https:\/\/www.lochting.com\/app\/uploads\/2021\/07\/Lochting.png","contentUrl":"https:\/\/www.lochting.com\/app\/uploads\/2021\/07\/Lochting.png"},{"@type":"BreadcrumbList","@id":"https:\/\/www.lochting.com\/de\/about\/#breadcrumb","itemListElement":[{"@type":"ListItem","position":1,"name":"Home","item":"https:\/\/wp-dev.lochting.com\/de\/"},{"@type":"ListItem","position":2,"name":"Euh, lochting?"}]},{"@type":"WebSite","@id":"https:\/\/www.lochting.com\/de\/#website","url":"https:\/\/www.lochting.com\/de\/","name":"Lochting","description":"All your pharmacy sales channels on one platform","potentialAction":[{"@type":"SearchAction","target":{"@type":"EntryPoint","urlTemplate":"https:\/\/www.lochting.com\/de\/?s={search_term_string}"},"query-input":"required name=search_term_string"}],"inLanguage":"de-DE"}]}},"_links":{"self":[{"href":"https:\/\/www.lochting.com\/de\/wp-json\/wp\/v2\/pages\/450","targetHints":{"allow":["GET"]}}],"collection":[{"href":"https:\/\/www.lochting.com\/de\/wp-json\/wp\/v2\/pages"}],"about":[{"href":"https:\/\/www.lochting.com\/de\/wp-json\/wp\/v2\/types\/page"}],"author":[{"embeddable":true,"href":"https:\/\/www.lochting.com\/de\/wp-json\/wp\/v2\/users\/1"}],"replies":[{"embeddable":true,"href":"https:\/\/www.lochting.com\/de\/wp-json\/wp\/v2\/comments?post=450"}],"version-history":[{"count":12,"href":"https:\/\/www.lochting.com\/de\/wp-json\/wp\/v2\/pages\/450\/revisions"}],"predecessor-version":[{"id":15857,"href":"https:\/\/www.lochting.com\/de\/wp-json\/wp\/v2\/pages\/450\/revisions\/15857"}],"wp:attachment":[{"href":"https:\/\/www.lochting.com\/de\/wp-json\/wp\/v2\/media?parent=450"}],"curies":[{"name":"wp","href":"https:\/\/api.w.org\/{rel}","templated":true}]}}