{"id":13415,"date":"2022-10-25T08:04:25","date_gmt":"2022-10-25T08:04:25","guid":{"rendered":"https:\/\/www.lochting.com\/demos\/"},"modified":"2023-08-29T12:40:17","modified_gmt":"2023-08-29T12:40:17","slug":"demos","status":"publish","type":"page","link":"https:\/\/www.lochting.com\/fr-be\/demos\/","title":{"rendered":"D\u00e9mo gratuite"},"content":{"rendered":"\n<h2 class=\"wp-block-heading\"><img decoding=\"async\" class=\"size-full wp-image-13387 alignleft\" title=\"Marketing-workshops-apothekers\" src=\"https:\/\/www.lochting.com\/app\/uploads\/2022\/10\/Marketing-workshops-apothekers.jpg\" alt=\"Marketing workshops voor apothekers\" width=\"511\" height=\"507\" srcset=\"https:\/\/www.lochting.com\/app\/uploads\/2022\/10\/Marketing-workshops-apothekers.jpg 511w, https:\/\/www.lochting.com\/app\/uploads\/2022\/10\/Marketing-workshops-apothekers-250x248.jpg 250w, https:\/\/www.lochting.com\/app\/uploads\/2022\/10\/Marketing-workshops-apothekers-150x150.jpg 150w, https:\/\/www.lochting.com\/app\/uploads\/2022\/10\/Marketing-workshops-apothekers-82x81.jpg 82w, https:\/\/www.lochting.com\/app\/uploads\/2022\/10\/Marketing-workshops-apothekers-96x95.jpg 96w, https:\/\/www.lochting.com\/app\/uploads\/2022\/10\/Marketing-workshops-apothekers-302x300.jpg 302w\" sizes=\"(max-width: 576px) 100vw, (max-width: 768px) 50vw, (max-width: 992px) 40vw, (max-width: 1200px) 60vw, (max-width: 1400px) 80vw, 1700px\" \/>Que peut faire Lochting pour votre pharmacie?<\/h2>\n\n\n\n<p>Les gens aiment acheter o\u00f9 et quand ils le veulent. Par cons\u00e9quent, m\u00eame en tant qu&#8217;acteur local, il est indispensable de relier votre emplacement physique \u00e0 une pharmacie en ligne.<\/p>\n\n\n\n<p>Pour \u00eatre en ligne aujourd&#8217;hui, vous avez besoin d&#8217;un grand nombre d&#8217;outils pour entretenir vos canaux num\u00e9riques. Lochting combine tous les outils n\u00e9cessaires et vous vous connectez directement avec vos fournisseurs.<\/p>\n\n\n\n<p>La num\u00e9risation prend du temps. Et vous avez d\u00e9j\u00e0 si peu de temps. Et si, avec Lochting, vous pouviez puiser dans une source in\u00e9puisable de contenus et de pages promotionnelles cr\u00e9\u00e9s par l&#8217;\u00e9quipe de contenu de Lochting.<\/p>\n\n\n\n<script async defer src=\"https:\/\/js.appointlet.com\/\"><\/script>\n<link href=\"https:\/\/js.appointlet.com\/styles.css\" rel=\"stylesheet\">\n<a class=\"appointlet-button\" style=\"background-color: #851eff;\" href=\"https:\/\/appt.link\/lochting-forms-fr\/\" data-appointlet-modal=\"\">R\u00e9servez votre d\u00e9mo<\/a>\n","protected":false},"excerpt":{"rendered":"<p>Que peut faire Lochting pour votre pharmacie? Les gens aiment acheter o\u00f9 et quand ils le veulent. Par cons\u00e9quent, m\u00eame en tant qu&#8217;acteur local, il est indispensable de relier votre emplacement physique \u00e0 une pharmacie en ligne. Pour \u00eatre en<\/p>\n","protected":false},"author":1,"featured_media":0,"parent":0,"menu_order":0,"comment_status":"closed","ping_status":"closed","template":"views\/template-no-contact-block.blade.php","meta":{"_acf_changed":false,"footnotes":""},"class_list":["post-13415","page","type-page","status-publish","hentry"],"acf":[],"yoast_head":"<!-- This site is optimized with the Yoast SEO plugin v22.9 - https:\/\/yoast.com\/wordpress\/plugins\/seo\/ -->\n<title>D\u00e9mo gratuite - Lochting<\/title>\n<meta name=\"description\" content=\"Mieux aider vos patients gr\u00e2ce \u00e0 votre propre site web de pharmacie ? Lochting est heureux de vous aider. R\u00e9servez votre d\u00e9mo gratuite ici.\" \/>\n<meta name=\"robots\" content=\"index, follow, max-snippet:-1, max-image-preview:large, max-video-preview:-1\" \/>\n<link rel=\"canonical\" href=\"https:\/\/www.lochting.com\/fr-be\/demos\/\" \/>\n<meta property=\"og:locale\" content=\"fr_FR\" \/>\n<meta property=\"og:type\" content=\"article\" \/>\n<meta property=\"og:title\" content=\"D\u00e9mo gratuite - Lochting\" \/>\n<meta property=\"og:description\" content=\"Mieux aider vos patients gr\u00e2ce \u00e0 votre propre site web de pharmacie ? Lochting est heureux de vous aider. R\u00e9servez votre d\u00e9mo gratuite ici.\" \/>\n<meta property=\"og:url\" content=\"https:\/\/www.lochting.com\/fr-be\/demos\/\" \/>\n<meta property=\"og:site_name\" content=\"Lochting\" \/>\n<meta property=\"article:modified_time\" content=\"2023-08-29T12:40:17+00:00\" \/>\n<meta property=\"og:image\" content=\"https:\/\/wp-dev.lochting.com\/app\/uploads\/2022\/10\/Marketing-workshops-apothekers.jpg\" \/>\n<meta name=\"twitter:card\" content=\"summary_large_image\" \/>\n<meta name=\"twitter:label1\" content=\"Est. reading time\" \/>\n\t<meta name=\"twitter:data1\" content=\"1 minute\" \/>\n<script type=\"application\/ld+json\" class=\"yoast-schema-graph\">{\"@context\":\"https:\/\/schema.org\",\"@graph\":[{\"@type\":\"WebPage\",\"@id\":\"https:\/\/www.lochting.com\/fr-be\/demos\/\",\"url\":\"https:\/\/www.lochting.com\/fr-be\/demos\/\",\"name\":\"D\u00e9mo gratuite - Lochting\",\"isPartOf\":{\"@id\":\"https:\/\/www.lochting.com\/fr-be\/#website\"},\"primaryImageOfPage\":{\"@id\":\"https:\/\/www.lochting.com\/fr-be\/demos\/#primaryimage\"},\"image\":{\"@id\":\"https:\/\/www.lochting.com\/fr-be\/demos\/#primaryimage\"},\"thumbnailUrl\":\"https:\/\/www.lochting.com\/app\/uploads\/2022\/10\/Marketing-workshops-apothekers.jpg\",\"datePublished\":\"2022-10-25T08:04:25+00:00\",\"dateModified\":\"2023-08-29T12:40:17+00:00\",\"description\":\"Mieux aider vos patients gr\u00e2ce \u00e0 votre propre site web de pharmacie ? Lochting est heureux de vous aider. R\u00e9servez votre d\u00e9mo gratuite ici.\",\"breadcrumb\":{\"@id\":\"https:\/\/www.lochting.com\/fr-be\/demos\/#breadcrumb\"},\"inLanguage\":\"fr-BE\",\"potentialAction\":[{\"@type\":\"ReadAction\",\"target\":[\"https:\/\/www.lochting.com\/fr-be\/demos\/\"]}]},{\"@type\":\"ImageObject\",\"inLanguage\":\"fr-BE\",\"@id\":\"https:\/\/www.lochting.com\/fr-be\/demos\/#primaryimage\",\"url\":\"https:\/\/www.lochting.com\/app\/uploads\/2022\/10\/Marketing-workshops-apothekers.jpg\",\"contentUrl\":\"https:\/\/www.lochting.com\/app\/uploads\/2022\/10\/Marketing-workshops-apothekers.jpg\"},{\"@type\":\"BreadcrumbList\",\"@id\":\"https:\/\/www.lochting.com\/fr-be\/demos\/#breadcrumb\",\"itemListElement\":[{\"@type\":\"ListItem\",\"position\":1,\"name\":\"Home\",\"item\":\"https:\/\/www.lochting.com\/fr-be\/\"},{\"@type\":\"ListItem\",\"position\":2,\"name\":\"D\u00e9mo gratuite\"}]},{\"@type\":\"WebSite\",\"@id\":\"https:\/\/www.lochting.com\/fr-be\/#website\",\"url\":\"https:\/\/www.lochting.com\/fr-be\/\",\"name\":\"Lochting\",\"description\":\"All your pharmacy sales channels on one platform\",\"potentialAction\":[{\"@type\":\"SearchAction\",\"target\":{\"@type\":\"EntryPoint\",\"urlTemplate\":\"https:\/\/www.lochting.com\/fr-be\/?s={search_term_string}\"},\"query-input\":\"required name=search_term_string\"}],\"inLanguage\":\"fr-BE\"}]}<\/script>\n<!-- \/ Yoast SEO plugin. -->","yoast_head_json":{"title":"D\u00e9mo gratuite - Lochting","description":"Mieux aider vos patients gr\u00e2ce \u00e0 votre propre site web de pharmacie ? Lochting est heureux de vous aider. R\u00e9servez votre d\u00e9mo gratuite ici.","robots":{"index":"index","follow":"follow","max-snippet":"max-snippet:-1","max-image-preview":"max-image-preview:large","max-video-preview":"max-video-preview:-1"},"canonical":"https:\/\/www.lochting.com\/fr-be\/demos\/","og_locale":"fr_FR","og_type":"article","og_title":"D\u00e9mo gratuite - Lochting","og_description":"Mieux aider vos patients gr\u00e2ce \u00e0 votre propre site web de pharmacie ? Lochting est heureux de vous aider. R\u00e9servez votre d\u00e9mo gratuite ici.","og_url":"https:\/\/www.lochting.com\/fr-be\/demos\/","og_site_name":"Lochting","article_modified_time":"2023-08-29T12:40:17+00:00","og_image":[{"url":"https:\/\/wp-dev.lochting.com\/app\/uploads\/2022\/10\/Marketing-workshops-apothekers.jpg"}],"twitter_card":"summary_large_image","twitter_misc":{"Est. reading time":"1 minute"},"schema":{"@context":"https:\/\/schema.org","@graph":[{"@type":"WebPage","@id":"https:\/\/www.lochting.com\/fr-be\/demos\/","url":"https:\/\/www.lochting.com\/fr-be\/demos\/","name":"D\u00e9mo gratuite - Lochting","isPartOf":{"@id":"https:\/\/www.lochting.com\/fr-be\/#website"},"primaryImageOfPage":{"@id":"https:\/\/www.lochting.com\/fr-be\/demos\/#primaryimage"},"image":{"@id":"https:\/\/www.lochting.com\/fr-be\/demos\/#primaryimage"},"thumbnailUrl":"https:\/\/www.lochting.com\/app\/uploads\/2022\/10\/Marketing-workshops-apothekers.jpg","datePublished":"2022-10-25T08:04:25+00:00","dateModified":"2023-08-29T12:40:17+00:00","description":"Mieux aider vos patients gr\u00e2ce \u00e0 votre propre site web de pharmacie ? Lochting est heureux de vous aider. R\u00e9servez votre d\u00e9mo gratuite ici.","breadcrumb":{"@id":"https:\/\/www.lochting.com\/fr-be\/demos\/#breadcrumb"},"inLanguage":"fr-BE","potentialAction":[{"@type":"ReadAction","target":["https:\/\/www.lochting.com\/fr-be\/demos\/"]}]},{"@type":"ImageObject","inLanguage":"fr-BE","@id":"https:\/\/www.lochting.com\/fr-be\/demos\/#primaryimage","url":"https:\/\/www.lochting.com\/app\/uploads\/2022\/10\/Marketing-workshops-apothekers.jpg","contentUrl":"https:\/\/www.lochting.com\/app\/uploads\/2022\/10\/Marketing-workshops-apothekers.jpg"},{"@type":"BreadcrumbList","@id":"https:\/\/www.lochting.com\/fr-be\/demos\/#breadcrumb","itemListElement":[{"@type":"ListItem","position":1,"name":"Home","item":"https:\/\/www.lochting.com\/fr-be\/"},{"@type":"ListItem","position":2,"name":"D\u00e9mo gratuite"}]},{"@type":"WebSite","@id":"https:\/\/www.lochting.com\/fr-be\/#website","url":"https:\/\/www.lochting.com\/fr-be\/","name":"Lochting","description":"All your pharmacy sales channels on one platform","potentialAction":[{"@type":"SearchAction","target":{"@type":"EntryPoint","urlTemplate":"https:\/\/www.lochting.com\/fr-be\/?s={search_term_string}"},"query-input":"required name=search_term_string"}],"inLanguage":"fr-BE"}]}},"_links":{"self":[{"href":"https:\/\/www.lochting.com\/fr-be\/wp-json\/wp\/v2\/pages\/13415","targetHints":{"allow":["GET"]}}],"collection":[{"href":"https:\/\/www.lochting.com\/fr-be\/wp-json\/wp\/v2\/pages"}],"about":[{"href":"https:\/\/www.lochting.com\/fr-be\/wp-json\/wp\/v2\/types\/page"}],"author":[{"embeddable":true,"href":"https:\/\/www.lochting.com\/fr-be\/wp-json\/wp\/v2\/users\/1"}],"replies":[{"embeddable":true,"href":"https:\/\/www.lochting.com\/fr-be\/wp-json\/wp\/v2\/comments?post=13415"}],"version-history":[{"count":17,"href":"https:\/\/www.lochting.com\/fr-be\/wp-json\/wp\/v2\/pages\/13415\/revisions"}],"predecessor-version":[{"id":16246,"href":"https:\/\/www.lochting.com\/fr-be\/wp-json\/wp\/v2\/pages\/13415\/revisions\/16246"}],"wp:attachment":[{"href":"https:\/\/www.lochting.com\/fr-be\/wp-json\/wp\/v2\/media?parent=13415"}],"curies":[{"name":"wp","href":"https:\/\/api.w.org\/{rel}","templated":true}]}}