{"id":473,"date":"2020-09-16T11:27:35","date_gmt":"2020-09-16T11:27:35","guid":{"rendered":"https:\/\/lochting.dev003.baldwin.be\/cookies\/"},"modified":"2025-08-19T07:43:51","modified_gmt":"2025-08-19T07:43:51","slug":"cookies","status":"publish","type":"page","link":"https:\/\/www.lochting.com\/fr-be\/cookies\/","title":{"rendered":"Cookies"},"content":{"rendered":"\n<p>Lors d\u2019une visite sur le site, des cookies peuvent \u00eatre plac\u00e9s sur le disque dur de votre ordinateur dans le seul but de mieux ajuster notre site pour r\u00e9pondre aux besoins des visiteurs qui reviennent. Ces mini fichiers ou cookies ne sont pas utilis\u00e9s pour suivre les habitudes de navigation de l\u2019utilisateur sur d\u2019autres sites. Votre navigateur Internet vous permet de bloquer les cookies, de recevoir un avertissement lors de l\u2019installation d\u2019un cookie ou de supprimer les cookies de votre disque dur par la suite. Pour plus d\u2019informations, veuillez consulter la fonction d\u2019aide de votre navigateur Internet.<\/p>\n\n\n\n<p>Notre site utilise des cookies pour simplifier l\u2019utilisation du site. Les cookies sont des fichiers texte alphanum\u00e9riques qui permettent la reconnaissance de votre ordinateur lorsque vous visitez \u00e0 nouveau le site. Les noms d\u2019utilisateur et les pr\u00e9f\u00e9rences peuvent \u00eatre fournis afin que vous n\u2019ayez pas \u00e0 entrer \u00e0 nouveau vos informations. Les cookies les plus utilis\u00e9s sont les cookies de session qui sont supprim\u00e9s une fois que vous avez ferm\u00e9 votre navigateur. Certains sont stock\u00e9s sur votre ordinateur de mani\u00e8re permanente. De tels cookies permanents permettent au site Web de reconna\u00eetre votre ordinateur lorsque vous visitez \u00e0 nouveau le site. Vous trouverez un aper\u00e7u des cookies et une description de ceux-ci dans notre politique concernant les cookies.<\/p>\n\n\n\n<p>Les cookies sont inoffensifs. Ils n\u2019endommagent pas votre ordinateur et ne contiennent aucun virus ou logiciel malveillant. Vous pouvez d\u00e9sactiver l\u2019utilisation de cookies dans votre navigateur. Cependant, la d\u00e9sactivation des cookies peut signifier que certaines fonctionnalit\u00e9s et utilisations du site Web ne fonctionnent pas compl\u00e8tement ou de la mani\u00e8re normale.<\/p>\n\n\n\n<p>Notre site utilise Google Analytics et Facebook Pixel. Nous utilisons le remarketing avec Google Analytics pour faire de la publicit\u00e9 sur les sites de tiers apr\u00e8s votre visite sur notre site. Nous et nos fournisseurs tiers, comme Google, utilisons des cookies internes (tels que le cookie Google Analytics) et des cookies tiers (tels que le cookie DoubleClick) pour informer, optimiser et diffuser des annonces en fonction de vos visites pass\u00e9es sur notre site. Vous pouvez d\u00e9sactiver Google Analytics pour la publicit\u00e9 display et personnaliser les annonces du R\u00e9seau Display de Google en acc\u00e9dant \u00e0 la page \u201cParam\u00e8tres des annonces Google\u201d.&nbsp;Vous pouvez \u00e9galement emp\u00eacher que les donn\u00e9es g\u00e9n\u00e9r\u00e9es par les cookies et votre utilisation du site Web (y compris votre adresse IP) soient transmises \u00e0 Google et en outre emp\u00eacher Google de traiter ces donn\u00e9es en t\u00e9l\u00e9chargeant et en installant le module compl\u00e9mentaire de navigateur de d\u00e9sactivation de Google Analytics.<\/p>\n\n\n\n<h5 class=\"wp-block-heading\">GESTION DES COOKIES<\/h5>\n\n\n\n<p>Assurez-vous que les cookies sont activ\u00e9s dans votre navigateur Web. Si vous souhaitez consulter notre site, nous vous recommandons d\u2019activer les cookies. Cependant, vous \u00eates libre de d\u00e9sactiver les cookies via les param\u00e8tres de votre navigateur. Pour activer ou d\u00e9sactiver les cookies, vous devez modifier les param\u00e8tres de votre navigateur (via l\u2019onglet \u201cPr\u00e9f\u00e9rences\u201d ou \u201cOptions\u201d). Les liens suivants fournissent plus d\u2019informations sur la gestion des cookies. Vous pouvez \u00e9galement consulter l\u2019onglet \u201cAide\u201d de votre navigateur.<\/p>\n\n\n\n<script type=\"text\/javascript\" charset=\"UTF-8\"  data-cookiescriptreport=\"report\" src=\"\/\/report.cookie-script.com\/r\/13baa0cbd3b00d5e65e37efb97793dd9.js\"><\/script>\n\n\n\n<p><a href=\"https:\/\/support.microsoft.com\/fr-fr\/help\/17442\/windows-internet-explorer-delete-manage-cookies\">Supprimer et g\u00e9rer les cookies dans Internet Explorer<\/a><\/p>\n\n\n\n<p><a href=\"https:\/\/support.mozilla.org\/fr\/kb\/activer-desactiver-cookies-preferences\">Supprimer et g\u00e9rer les cookies dans Mozilla Firefox<\/a><\/p>\n\n\n\n<p><a href=\"https:\/\/support.google.com\/chrome\/answer\/95647?co=GENIE.Platform%3DDesktop&amp;hl=fr\">Supprimer et g\u00e9rer les cookies dans Chrome<\/a><\/p>\n\n\n\n<p><a href=\"https:\/\/support.apple.com\/fr-fr\/guide\/safari\/manage-cookies-and-website-data-sfri11471\/mac\">Supprimer et g\u00e9rer les cookies dans Safari<\/a><\/p>\n","protected":false},"excerpt":{"rendered":"<p>Lors d\u2019une visite sur le site, des cookies peuvent \u00eatre plac\u00e9s sur le disque dur de votre ordinateur dans le seul but de mieux ajuster notre site pour r\u00e9pondre aux besoins des visiteurs qui reviennent. Ces mini fichiers ou cookies<\/p>\n","protected":false},"author":1,"featured_media":0,"parent":0,"menu_order":0,"comment_status":"closed","ping_status":"closed","template":"","meta":{"_acf_changed":false,"footnotes":""},"class_list":["post-473","page","type-page","status-publish","hentry"],"acf":[],"yoast_head":"<!-- This site is optimized with the Yoast SEO plugin v22.9 - https:\/\/yoast.com\/wordpress\/plugins\/seo\/ -->\n<title>Politique de gestion des cookies et des donn\u00e9es<\/title>\n<meta name=\"description\" content=\"Politique de gestion des cookies Lochting. Le pr\u00e9sent site web utilise des cookies afin de faciliter son utilisation. Plus d&#039;informations sur notre politique de gestion des cookies.\" \/>\n<meta name=\"robots\" content=\"index, follow, max-snippet:-1, max-image-preview:large, max-video-preview:-1\" \/>\n<link rel=\"canonical\" href=\"https:\/\/www.lochting.com\/fr-be\/cookies\/\" \/>\n<meta property=\"og:locale\" content=\"fr_FR\" \/>\n<meta property=\"og:type\" content=\"article\" \/>\n<meta property=\"og:title\" content=\"Politique de gestion des cookies et des donn\u00e9es\" \/>\n<meta property=\"og:description\" content=\"Politique de gestion des cookies Lochting. Le pr\u00e9sent site web utilise des cookies afin de faciliter son utilisation. Plus d&#039;informations sur notre politique de gestion des cookies.\" \/>\n<meta property=\"og:url\" content=\"https:\/\/www.lochting.com\/fr-be\/cookies\/\" \/>\n<meta property=\"og:site_name\" content=\"Lochting\" \/>\n<meta property=\"article:modified_time\" content=\"2025-08-19T07:43:51+00:00\" \/>\n<meta name=\"twitter:card\" content=\"summary_large_image\" \/>\n<meta name=\"twitter:label1\" content=\"Est. reading time\" \/>\n\t<meta name=\"twitter:data1\" content=\"3 minutes\" \/>\n<script type=\"application\/ld+json\" class=\"yoast-schema-graph\">{\"@context\":\"https:\/\/schema.org\",\"@graph\":[{\"@type\":\"WebPage\",\"@id\":\"https:\/\/www.lochting.com\/fr-be\/cookies\/\",\"url\":\"https:\/\/www.lochting.com\/fr-be\/cookies\/\",\"name\":\"Politique de gestion des cookies et des donn\u00e9es\",\"isPartOf\":{\"@id\":\"https:\/\/www.lochting.com\/fr-be\/#website\"},\"datePublished\":\"2020-09-16T11:27:35+00:00\",\"dateModified\":\"2025-08-19T07:43:51+00:00\",\"description\":\"Politique de gestion des cookies Lochting. Le pr\u00e9sent site web utilise des cookies afin de faciliter son utilisation. Plus d'informations sur notre politique de gestion des cookies.\",\"breadcrumb\":{\"@id\":\"https:\/\/www.lochting.com\/fr-be\/cookies\/#breadcrumb\"},\"inLanguage\":\"fr-BE\",\"potentialAction\":[{\"@type\":\"ReadAction\",\"target\":[\"https:\/\/www.lochting.com\/fr-be\/cookies\/\"]}]},{\"@type\":\"BreadcrumbList\",\"@id\":\"https:\/\/www.lochting.com\/fr-be\/cookies\/#breadcrumb\",\"itemListElement\":[{\"@type\":\"ListItem\",\"position\":1,\"name\":\"Home\",\"item\":\"https:\/\/www.lochting.com\/fr-be\/\"},{\"@type\":\"ListItem\",\"position\":2,\"name\":\"Cookies\"}]},{\"@type\":\"WebSite\",\"@id\":\"https:\/\/www.lochting.com\/fr-be\/#website\",\"url\":\"https:\/\/www.lochting.com\/fr-be\/\",\"name\":\"Lochting\",\"description\":\"All your pharmacy sales channels on one platform\",\"potentialAction\":[{\"@type\":\"SearchAction\",\"target\":{\"@type\":\"EntryPoint\",\"urlTemplate\":\"https:\/\/www.lochting.com\/fr-be\/?s={search_term_string}\"},\"query-input\":\"required name=search_term_string\"}],\"inLanguage\":\"fr-BE\"}]}<\/script>\n<!-- \/ Yoast SEO plugin. -->","yoast_head_json":{"title":"Politique de gestion des cookies et des donn\u00e9es","description":"Politique de gestion des cookies Lochting. Le pr\u00e9sent site web utilise des cookies afin de faciliter son utilisation. Plus d'informations sur notre politique de gestion des cookies.","robots":{"index":"index","follow":"follow","max-snippet":"max-snippet:-1","max-image-preview":"max-image-preview:large","max-video-preview":"max-video-preview:-1"},"canonical":"https:\/\/www.lochting.com\/fr-be\/cookies\/","og_locale":"fr_FR","og_type":"article","og_title":"Politique de gestion des cookies et des donn\u00e9es","og_description":"Politique de gestion des cookies Lochting. Le pr\u00e9sent site web utilise des cookies afin de faciliter son utilisation. Plus d'informations sur notre politique de gestion des cookies.","og_url":"https:\/\/www.lochting.com\/fr-be\/cookies\/","og_site_name":"Lochting","article_modified_time":"2025-08-19T07:43:51+00:00","twitter_card":"summary_large_image","twitter_misc":{"Est. reading time":"3 minutes"},"schema":{"@context":"https:\/\/schema.org","@graph":[{"@type":"WebPage","@id":"https:\/\/www.lochting.com\/fr-be\/cookies\/","url":"https:\/\/www.lochting.com\/fr-be\/cookies\/","name":"Politique de gestion des cookies et des donn\u00e9es","isPartOf":{"@id":"https:\/\/www.lochting.com\/fr-be\/#website"},"datePublished":"2020-09-16T11:27:35+00:00","dateModified":"2025-08-19T07:43:51+00:00","description":"Politique de gestion des cookies Lochting. Le pr\u00e9sent site web utilise des cookies afin de faciliter son utilisation. Plus d'informations sur notre politique de gestion des cookies.","breadcrumb":{"@id":"https:\/\/www.lochting.com\/fr-be\/cookies\/#breadcrumb"},"inLanguage":"fr-BE","potentialAction":[{"@type":"ReadAction","target":["https:\/\/www.lochting.com\/fr-be\/cookies\/"]}]},{"@type":"BreadcrumbList","@id":"https:\/\/www.lochting.com\/fr-be\/cookies\/#breadcrumb","itemListElement":[{"@type":"ListItem","position":1,"name":"Home","item":"https:\/\/www.lochting.com\/fr-be\/"},{"@type":"ListItem","position":2,"name":"Cookies"}]},{"@type":"WebSite","@id":"https:\/\/www.lochting.com\/fr-be\/#website","url":"https:\/\/www.lochting.com\/fr-be\/","name":"Lochting","description":"All your pharmacy sales channels on one platform","potentialAction":[{"@type":"SearchAction","target":{"@type":"EntryPoint","urlTemplate":"https:\/\/www.lochting.com\/fr-be\/?s={search_term_string}"},"query-input":"required name=search_term_string"}],"inLanguage":"fr-BE"}]}},"_links":{"self":[{"href":"https:\/\/www.lochting.com\/fr-be\/wp-json\/wp\/v2\/pages\/473","targetHints":{"allow":["GET"]}}],"collection":[{"href":"https:\/\/www.lochting.com\/fr-be\/wp-json\/wp\/v2\/pages"}],"about":[{"href":"https:\/\/www.lochting.com\/fr-be\/wp-json\/wp\/v2\/types\/page"}],"author":[{"embeddable":true,"href":"https:\/\/www.lochting.com\/fr-be\/wp-json\/wp\/v2\/users\/1"}],"replies":[{"embeddable":true,"href":"https:\/\/www.lochting.com\/fr-be\/wp-json\/wp\/v2\/comments?post=473"}],"version-history":[{"count":10,"href":"https:\/\/www.lochting.com\/fr-be\/wp-json\/wp\/v2\/pages\/473\/revisions"}],"predecessor-version":[{"id":18097,"href":"https:\/\/www.lochting.com\/fr-be\/wp-json\/wp\/v2\/pages\/473\/revisions\/18097"}],"wp:attachment":[{"href":"https:\/\/www.lochting.com\/fr-be\/wp-json\/wp\/v2\/media?parent=473"}],"curies":[{"name":"wp","href":"https:\/\/api.w.org\/{rel}","templated":true}]}}