{"id":516,"date":"2020-09-11T12:57:19","date_gmt":"2020-09-11T12:57:19","guid":{"rendered":"https:\/\/lochting.dev003.baldwin.be\/home\/"},"modified":"2024-04-18T10:33:55","modified_gmt":"2024-04-18T10:33:55","slug":"home","status":"publish","type":"page","link":"https:\/\/www.lochting.com\/fr-be\/","title":{"rendered":"Tous vos canaux de vente sur une seule plateforme"},"content":{"rendered":"\n\n<lottie-player id=\"block-homepage-animated-banner-group-block_f617240c224700f8f8baf8c888163e27\"\n        autoplay\n        loop\n        mode=\"normal\"\n        debug\n        src=\"https:\/\/www.lochting.com\/app\/themes\/lochting\/dist\/images\/homepage\/homepage-hero_7ef9fa0d.json\"\n        class=\"lottie-player-tag\"\n>\n<\/lottie-player>\n\n\n\n<div style=\"height:70px\" aria-hidden=\"true\" class=\"wp-block-spacer\"><\/div>\n\n\n\n    <div class=\"block block-subheading\" id=\"block-subheading-group-block_a05fcff8ef583056a5b371902ef4ac5d\">\n        <p>Avec la plateforme Lochting, d\u00e9velopp\u00e9e par Meditech Pharma, nous offrons la solution pour votre boutique en ligne de pharmacie\u00a0<strong><a href=\"https:\/\/www.lochting.com\/fr-be\/produits\/mt-shop\/\"><mark class=\"has-inline-color\">MT.SHOP<\/mark><\/a><\/strong>, distributeur automatique <strong><a href=\"https:\/\/www.lochting.com\/fr-be\/produits\/mt-matic\/\"><mark class=\"has-inline-color\">MT.MATIC<\/mark><\/a>,<\/strong>\u00e9crans num\u00e9riques <a href=\"https:\/\/www.lochting.com\/fr-be\/produits\/mt-vision\/\"><strong><mark class=\"has-inline-color\">MT.VISION<\/mark><\/strong><\/a>, <strong>\u00a0<\/strong>et casier \u00e0 colis <a href=\"https:\/\/www.lochting.com\/fr-be\/produits\/mt-vision\/\"><mark class=\"has-inline-color\"><strong>MT.COLLECT<\/strong><\/mark><\/a><a href=\"https:\/\/www.lochting.com\/nl\/producten\/mt-collect-apotheek-afhaalkluisjes\/\">.<\/a> La plateforme est enti\u00e8rement int\u00e9gr\u00e9e \u00e0 la base de donn\u00e9es Medipim, \u00e0 votre logiciel de pharmacie et \u00e0 votre stock de gros.<\/p>\n    <\/div>\n\n\n\n\n<h2 class=\"wp-block-heading has-text-align-center has-x-large-font-size\">Quels sont les moteurs du logiciel Lochting ?<\/h2>\n\n\n\n<div style=\"height:50px\" aria-hidden=\"true\" class=\"wp-block-spacer\"><\/div>\n\n\n\n<div class=\"wp-block-columns is-layout-flex wp-container-core-columns-is-layout-9d6595d7 wp-block-columns-is-layout-flex\">\n<div class=\"wp-block-column is-layout-flow wp-block-column-is-layout-flow\">\n<h2 class=\"wp-block-heading\"><mark style=\"background-color:rgba(0, 0, 0, 0);color:#b79fec\" class=\"has-inline-color\">MT.Shop: Webshop<\/mark><\/h2>\n\n\n<div class=\"wp-block-image\"><figure class=\"alignright size-large is-resized\"><img decoding=\"async\" width=\"1024\" height=\"768\" src=\"https:\/\/www.lochting.com\/app\/uploads\/2022\/11\/webshop-1024x768.png\" alt=\"Webshop\" class=\"wp-image-14007\" style=\"width:202px;height:152px\" title=\"Webshop\" srcset=\"https:\/\/www.lochting.com\/app\/uploads\/2022\/11\/webshop-1024x768.png 1024w, https:\/\/www.lochting.com\/app\/uploads\/2022\/11\/webshop-250x188.png 250w, https:\/\/www.lochting.com\/app\/uploads\/2022\/11\/webshop-768x576.png 768w, https:\/\/www.lochting.com\/app\/uploads\/2022\/11\/webshop-1536x1152.png 1536w, https:\/\/www.lochting.com\/app\/uploads\/2022\/11\/webshop-2048x1536.png 2048w, https:\/\/www.lochting.com\/app\/uploads\/2022\/11\/webshop-90x68.png 90w, https:\/\/www.lochting.com\/app\/uploads\/2022\/11\/webshop-105x79.png 105w, https:\/\/www.lochting.com\/app\/uploads\/2022\/11\/webshop-400x300.png 400w, https:\/\/www.lochting.com\/app\/uploads\/2022\/11\/webshop-1300x975.png 1300w\" sizes=\"(max-width: 576px) 100vw, (max-width: 768px) 50vw, (max-width: 992px) 40vw, (max-width: 1200px) 60vw, (max-width: 1400px) 80vw, 1700px\" \/><\/figure><\/div>\n\n\n<p>G\u00e9rez facilement votre boutique en ligne personnalis\u00e9e, sans aucune connaissance informatique. Meditech Pharma est le seul acteur \u00e0 avoir \u00e9tabli un lien avec votre logiciel de pharmacie, Febelco et Medipim. Vous b\u00e9n\u00e9ficiez ainsi d&#8217;une plate-forme centralis\u00e9e, tandis que vos patients profitent d&#8217;un site web convivial.<\/p>\n\n\n\n<p><a href=\"https:\/\/www.lochting.com\/fr-be\/produits\/mt-shop\/\"><strong>D\u00e9couvrez tous les avantages de la MT.Shop &gt;<\/strong><\/a><\/p>\n<\/div>\n\n\n\n<div class=\"wp-block-column is-layout-flow wp-block-column-is-layout-flow\">\n<h2 class=\"wp-block-heading\"><mark style=\"background-color:rgba(0, 0, 0, 0);color:#b79fec\" class=\"has-inline-color\">MT.Matic: Distributeur automatique\u00a0<\/mark><\/h2>\n\n\n<div class=\"wp-block-image\"><figure class=\"alignright size-large is-resized\"><img decoding=\"async\" width=\"1024\" height=\"768\" src=\"https:\/\/www.lochting.com\/app\/uploads\/2021\/07\/kiosk-1024x768.png\" alt=\"kiosk\" class=\"wp-image-2757\" style=\"width:202px;height:151px\" title=\"kiosk\" srcset=\"https:\/\/www.lochting.com\/app\/uploads\/2021\/07\/kiosk-1024x768.png 1024w, https:\/\/www.lochting.com\/app\/uploads\/2021\/07\/kiosk-250x188.png 250w, https:\/\/www.lochting.com\/app\/uploads\/2021\/07\/kiosk-768x576.png 768w, https:\/\/www.lochting.com\/app\/uploads\/2021\/07\/kiosk-1536x1152.png 1536w, https:\/\/www.lochting.com\/app\/uploads\/2021\/07\/kiosk-2048x1536.png 2048w, https:\/\/www.lochting.com\/app\/uploads\/2021\/07\/kiosk-90x68.png 90w, https:\/\/www.lochting.com\/app\/uploads\/2021\/07\/kiosk-105x79.png 105w, https:\/\/www.lochting.com\/app\/uploads\/2021\/07\/kiosk-400x300.png 400w, https:\/\/www.lochting.com\/app\/uploads\/2021\/07\/kiosk-1300x975.png 1300w\" sizes=\"(max-width: 576px) 100vw, (max-width: 768px) 50vw, (max-width: 992px) 40vw, (max-width: 1200px) 60vw, (max-width: 1400px) 80vw, 1700px\" \/><\/figure><\/div>\n\n\n<p>Servez vos patients 24 heures sur 24 et 7 jours sur 7 avec le MT.Matic ! Proposez une s\u00e9lection de produits via votre distributeur mural et vendez pendant les p\u00e9riodes de cong\u00e9 et en dehors de vos heures d&#8217;ouverture. Utilisez les options de r\u00e9servation du robot de pharmacie et laissez les clients retirer leurs produits \u00e0 leur convenance.<\/p>\n\n\n\n<p><a href=\"https:\/\/www.lochting.com\/nl\/producten\/mt-matic-apotheek-muurautomaat\/\"><strong>D\u00e9couvrez tous les avantages de la MT.Matic &gt;<\/strong><\/a><\/p>\n<\/div>\n<\/div>\n\n\n\n<div class=\"wp-block-columns is-layout-flex wp-container-core-columns-is-layout-9d6595d7 wp-block-columns-is-layout-flex\">\n<div class=\"wp-block-column is-layout-flow wp-block-column-is-layout-flow\">\n<h2 class=\"wp-block-heading\"><mark style=\"background-color:rgba(0, 0, 0, 0);color:#b79fec\" class=\"has-inline-color\">MT.Vision: \u00c9crans num\u00e9riques<\/mark><\/h2>\n\n\n<div class=\"wp-block-image\"><figure class=\"alignright size-large is-resized\"><img decoding=\"async\" width=\"2560\" height=\"1440\" src=\"https:\/\/www.lochting.com\/app\/uploads\/2024\/04\/Promote@3x-100-edited-scaled.jpg\" alt=\"Promote@3x-100\" class=\"wp-image-17264\" style=\"aspect-ratio:1.7889908256880733;width:227px;height:auto\" title=\"Promote@3x-100\" srcset=\"https:\/\/www.lochting.com\/app\/uploads\/2024\/04\/Promote@3x-100-edited-scaled.jpg 2560w, https:\/\/www.lochting.com\/app\/uploads\/2024\/04\/Promote@3x-100-edited-250x141.jpg 250w, https:\/\/www.lochting.com\/app\/uploads\/2024\/04\/Promote@3x-100-edited-1024x576.jpg 1024w, https:\/\/www.lochting.com\/app\/uploads\/2024\/04\/Promote@3x-100-edited-768x432.jpg 768w, https:\/\/www.lochting.com\/app\/uploads\/2024\/04\/Promote@3x-100-edited-1536x864.jpg 1536w, https:\/\/www.lochting.com\/app\/uploads\/2024\/04\/Promote@3x-100-edited-2048x1152.jpg 2048w, https:\/\/www.lochting.com\/app\/uploads\/2024\/04\/Promote@3x-100-edited-90x51.jpg 90w, https:\/\/www.lochting.com\/app\/uploads\/2024\/04\/Promote@3x-100-edited-105x59.jpg 105w, https:\/\/www.lochting.com\/app\/uploads\/2024\/04\/Promote@3x-100-edited-500x281.jpg 500w, https:\/\/www.lochting.com\/app\/uploads\/2024\/04\/Promote@3x-100-edited-1300x731.jpg 1300w\" sizes=\"(max-width: 576px) 100vw, (max-width: 768px) 50vw, (max-width: 992px) 40vw, (max-width: 1200px) 60vw, (max-width: 1400px) 80vw, 1700px\" \/><\/figure><\/div>\n\n\n<p>Gagnez de la place dans votre pharmacie et informez encore mieux vos patients gr\u00e2ce au MT.Vision. Les \u00e9crans num\u00e9riques pratiques permettent \u00e0 vos clients d&#8217;acc\u00e9der eux-m\u00eames \u00e0 plus d&#8217;informations sur les m\u00e9dicaments et la sant\u00e9, tandis que vous pouvez \u00e9galement afficher des questions pratiques et des promotions.<\/p>\n\n\n\n<p><a href=\"https:\/\/www.lochting.com\/nl\/producten\/mt-vision-digitale-schermen\/\"><strong>Ontdek aD\u00e9couvrez tous les avantages de la MT.Vision &gt;<\/strong><\/a><\/p>\n<\/div>\n\n\n\n<div class=\"wp-block-column is-layout-flow wp-block-column-is-layout-flow\">\n<h2 class=\"wp-block-heading\"><mark style=\"background-color:rgba(0, 0, 0, 0);color:#b79fec\" class=\"has-inline-color\">MT.Collect: Casier \u00e0 colis<\/mark><\/h2>\n\n\n<div class=\"wp-block-image\"><figure class=\"alignright size-large is-resized\"><img decoding=\"async\" width=\"926\" height=\"1041\" src=\"https:\/\/www.lochting.com\/app\/uploads\/2024\/04\/MTcollect-parcel-locker-e1713263409299-edited-2.png\" alt=\"MTcollect-parcel-locker\" class=\"wp-image-17257\" style=\"width:139px;height:155px\" title=\"MTcollect-parcel-locker\" srcset=\"https:\/\/www.lochting.com\/app\/uploads\/2024\/04\/MTcollect-parcel-locker-e1713263409299-edited-2.png 926w, https:\/\/www.lochting.com\/app\/uploads\/2024\/04\/MTcollect-parcel-locker-e1713263409299-edited-2-222x250.png 222w, https:\/\/www.lochting.com\/app\/uploads\/2024\/04\/MTcollect-parcel-locker-e1713263409299-edited-2-911x1024.png 911w, https:\/\/www.lochting.com\/app\/uploads\/2024\/04\/MTcollect-parcel-locker-e1713263409299-edited-2-768x863.png 768w, https:\/\/www.lochting.com\/app\/uploads\/2024\/04\/MTcollect-parcel-locker-e1713263409299-edited-2-72x81.png 72w, https:\/\/www.lochting.com\/app\/uploads\/2024\/04\/MTcollect-parcel-locker-e1713263409299-edited-2-85x95.png 85w, https:\/\/www.lochting.com\/app\/uploads\/2024\/04\/MTcollect-parcel-locker-e1713263409299-edited-2-267x300.png 267w\" sizes=\"(max-width: 576px) 100vw, (max-width: 768px) 50vw, (max-width: 992px) 40vw, (max-width: 1200px) 60vw, (max-width: 1400px) 80vw, 1700px\" \/><\/figure><\/div>\n\n\n<p>Le MT.Collect est un distributeur de colis que vous pouvez placer contre votre pharmacie en tant qu&#8217;unit\u00e9 autonome. Vous n&#8217;avez pas besoin d&#8217;un robot pour l&#8217;utiliser. Le MT.Collect est id\u00e9al pour les petites et grandes pharmacies.<\/p>\n\n\n\n<p><strong><strong><a href=\"https:\/\/www.lochting.com\/fr-be\/produits\/mt-collect\/\">D\u00e9couvrez tous les avantages de la MT.Collect &gt;<\/a><\/strong><\/strong><\/p>\n<\/div>\n<\/div>\n\n\n\n\n    <div class=\"block-image-text\" id=\"block-block_ac49f6b3b053ec03b6d2380c2e71e999\" >\n        <a href=\"https:\/\/www.lochting.com\/en\/products\/software-platform\/\" title=\"Software platform\" target=\"\" class=\"block-text-wrapper rma\">\n            Le logiciel Lochting en un coup d&#8217;\u0153il        <\/a>\n        <div class=\"block-image-wrapper\">\n            <lottie-player\n                autoplay\n                loop\n                mode=\"normal\"\n                src=\"https:\/\/www.lochting.com\/app\/themes\/lochting\/dist\/images\/vending-machine\/vending_machine_b686e178.json\"\n            >\n            <\/lottie-player>\n        <\/div>\n        <div class=\"leaves\">\n            <span><\/span>\n            <span><\/span>\n            <span><\/span>\n        <\/div>\n    <\/div>\n\n","protected":false},"excerpt":{"rendered":"<p>Quels sont les moteurs du logiciel Lochting ? MT.Shop: Webshop G\u00e9rez facilement votre boutique en ligne personnalis\u00e9e, sans aucune connaissance informatique. Meditech Pharma est le seul acteur \u00e0 avoir \u00e9tabli un lien avec votre logiciel de pharmacie, Febelco et Medipim.<\/p>\n","protected":false},"author":1,"featured_media":0,"parent":0,"menu_order":0,"comment_status":"closed","ping_status":"closed","template":"views\/template-homepage.blade.php","meta":{"_acf_changed":false,"footnotes":""},"class_list":["post-516","page","type-page","status-publish","hentry"],"acf":[],"yoast_head":"<!-- This site is optimized with the Yoast SEO plugin v22.9 - https:\/\/yoast.com\/wordpress\/plugins\/seo\/ -->\n<title>Lochting | Tous vos canaux de vente sur une seule platforme<\/title>\n<meta name=\"description\" content=\"Lochting relie tous les canaux de vente tels que webshop, appli, kiosque de commande, \u00e9crans digitaux et base de donn\u00e9es de produits sur une seule plate-forme logicielle : le Jardin de Commerce Unifi\u00e9.\" \/>\n<meta name=\"robots\" content=\"index, follow, max-snippet:-1, max-image-preview:large, max-video-preview:-1\" \/>\n<link rel=\"canonical\" href=\"https:\/\/www.lochting.com\/fr-be\/\" \/>\n<meta property=\"og:locale\" content=\"fr_FR\" \/>\n<meta property=\"og:type\" content=\"article\" \/>\n<meta property=\"og:title\" content=\"Lochting | Tous vos canaux de vente sur une seule platforme\" \/>\n<meta property=\"og:description\" content=\"Lochting relie tous les canaux de vente tels que webshop, appli, kiosque de commande, \u00e9crans digitaux et base de donn\u00e9es de produits sur une seule plate-forme logicielle : le Jardin de Commerce Unifi\u00e9.\" \/>\n<meta property=\"og:url\" content=\"https:\/\/www.lochting.com\/fr-be\/\" \/>\n<meta property=\"og:site_name\" content=\"Lochting\" \/>\n<meta property=\"article:modified_time\" content=\"2024-04-18T10:33:55+00:00\" \/>\n<meta property=\"og:image\" content=\"https:\/\/www.lochting.com\/app\/uploads\/2022\/11\/webshop-1024x768.png\" \/>\n<meta name=\"twitter:card\" content=\"summary_large_image\" \/>\n<meta name=\"twitter:label1\" content=\"Est. reading time\" \/>\n\t<meta name=\"twitter:data1\" content=\"2 minutes\" \/>\n<script type=\"application\/ld+json\" class=\"yoast-schema-graph\">{\"@context\":\"https:\/\/schema.org\",\"@graph\":[{\"@type\":\"WebPage\",\"@id\":\"https:\/\/www.lochting.com\/fr-be\/\",\"url\":\"https:\/\/www.lochting.com\/fr-be\/\",\"name\":\"Lochting | Tous vos canaux de vente sur une seule platforme\",\"isPartOf\":{\"@id\":\"https:\/\/www.lochting.com\/fr-be\/#website\"},\"primaryImageOfPage\":{\"@id\":\"https:\/\/www.lochting.com\/fr-be\/#primaryimage\"},\"image\":{\"@id\":\"https:\/\/www.lochting.com\/fr-be\/#primaryimage\"},\"thumbnailUrl\":\"https:\/\/www.lochting.com\/app\/uploads\/2022\/11\/webshop-1024x768.png\",\"datePublished\":\"2020-09-11T12:57:19+00:00\",\"dateModified\":\"2024-04-18T10:33:55+00:00\",\"description\":\"Lochting relie tous les canaux de vente tels que webshop, appli, kiosque de commande, \u00e9crans digitaux et base de donn\u00e9es de produits sur une seule plate-forme logicielle : le Jardin de Commerce Unifi\u00e9.\",\"breadcrumb\":{\"@id\":\"https:\/\/www.lochting.com\/fr-be\/#breadcrumb\"},\"inLanguage\":\"fr-BE\",\"potentialAction\":[{\"@type\":\"ReadAction\",\"target\":[\"https:\/\/www.lochting.com\/fr-be\/\"]}]},{\"@type\":\"ImageObject\",\"inLanguage\":\"fr-BE\",\"@id\":\"https:\/\/www.lochting.com\/fr-be\/#primaryimage\",\"url\":\"https:\/\/www.lochting.com\/app\/uploads\/2022\/11\/webshop-1024x768.png\",\"contentUrl\":\"https:\/\/www.lochting.com\/app\/uploads\/2022\/11\/webshop-1024x768.png\"},{\"@type\":\"BreadcrumbList\",\"@id\":\"https:\/\/www.lochting.com\/fr-be\/#breadcrumb\",\"itemListElement\":[{\"@type\":\"ListItem\",\"position\":1,\"name\":\"Home\",\"item\":\"https:\/\/www.lochting.com\/fr-be\/\"},{\"@type\":\"ListItem\",\"position\":2,\"name\":\"Tous vos canaux de vente sur une seule plateforme\"}]},{\"@type\":\"WebSite\",\"@id\":\"https:\/\/www.lochting.com\/fr-be\/#website\",\"url\":\"https:\/\/www.lochting.com\/fr-be\/\",\"name\":\"Lochting\",\"description\":\"All your pharmacy sales channels on one platform\",\"potentialAction\":[{\"@type\":\"SearchAction\",\"target\":{\"@type\":\"EntryPoint\",\"urlTemplate\":\"https:\/\/www.lochting.com\/fr-be\/?s={search_term_string}\"},\"query-input\":\"required name=search_term_string\"}],\"inLanguage\":\"fr-BE\"}]}<\/script>\n<!-- \/ Yoast SEO plugin. -->","yoast_head_json":{"title":"Lochting | Tous vos canaux de vente sur une seule platforme","description":"Lochting relie tous les canaux de vente tels que webshop, appli, kiosque de commande, \u00e9crans digitaux et base de donn\u00e9es de produits sur une seule plate-forme logicielle : le Jardin de Commerce Unifi\u00e9.","robots":{"index":"index","follow":"follow","max-snippet":"max-snippet:-1","max-image-preview":"max-image-preview:large","max-video-preview":"max-video-preview:-1"},"canonical":"https:\/\/www.lochting.com\/fr-be\/","og_locale":"fr_FR","og_type":"article","og_title":"Lochting | Tous vos canaux de vente sur une seule platforme","og_description":"Lochting relie tous les canaux de vente tels que webshop, appli, kiosque de commande, \u00e9crans digitaux et base de donn\u00e9es de produits sur une seule plate-forme logicielle : le Jardin de Commerce Unifi\u00e9.","og_url":"https:\/\/www.lochting.com\/fr-be\/","og_site_name":"Lochting","article_modified_time":"2024-04-18T10:33:55+00:00","og_image":[{"url":"https:\/\/www.lochting.com\/app\/uploads\/2022\/11\/webshop-1024x768.png"}],"twitter_card":"summary_large_image","twitter_misc":{"Est. reading time":"2 minutes"},"schema":{"@context":"https:\/\/schema.org","@graph":[{"@type":"WebPage","@id":"https:\/\/www.lochting.com\/fr-be\/","url":"https:\/\/www.lochting.com\/fr-be\/","name":"Lochting | Tous vos canaux de vente sur une seule platforme","isPartOf":{"@id":"https:\/\/www.lochting.com\/fr-be\/#website"},"primaryImageOfPage":{"@id":"https:\/\/www.lochting.com\/fr-be\/#primaryimage"},"image":{"@id":"https:\/\/www.lochting.com\/fr-be\/#primaryimage"},"thumbnailUrl":"https:\/\/www.lochting.com\/app\/uploads\/2022\/11\/webshop-1024x768.png","datePublished":"2020-09-11T12:57:19+00:00","dateModified":"2024-04-18T10:33:55+00:00","description":"Lochting relie tous les canaux de vente tels que webshop, appli, kiosque de commande, \u00e9crans digitaux et base de donn\u00e9es de produits sur une seule plate-forme logicielle : le Jardin de Commerce Unifi\u00e9.","breadcrumb":{"@id":"https:\/\/www.lochting.com\/fr-be\/#breadcrumb"},"inLanguage":"fr-BE","potentialAction":[{"@type":"ReadAction","target":["https:\/\/www.lochting.com\/fr-be\/"]}]},{"@type":"ImageObject","inLanguage":"fr-BE","@id":"https:\/\/www.lochting.com\/fr-be\/#primaryimage","url":"https:\/\/www.lochting.com\/app\/uploads\/2022\/11\/webshop-1024x768.png","contentUrl":"https:\/\/www.lochting.com\/app\/uploads\/2022\/11\/webshop-1024x768.png"},{"@type":"BreadcrumbList","@id":"https:\/\/www.lochting.com\/fr-be\/#breadcrumb","itemListElement":[{"@type":"ListItem","position":1,"name":"Home","item":"https:\/\/www.lochting.com\/fr-be\/"},{"@type":"ListItem","position":2,"name":"Tous vos canaux de vente sur une seule plateforme"}]},{"@type":"WebSite","@id":"https:\/\/www.lochting.com\/fr-be\/#website","url":"https:\/\/www.lochting.com\/fr-be\/","name":"Lochting","description":"All your pharmacy sales channels on one platform","potentialAction":[{"@type":"SearchAction","target":{"@type":"EntryPoint","urlTemplate":"https:\/\/www.lochting.com\/fr-be\/?s={search_term_string}"},"query-input":"required name=search_term_string"}],"inLanguage":"fr-BE"}]}},"_links":{"self":[{"href":"https:\/\/www.lochting.com\/fr-be\/wp-json\/wp\/v2\/pages\/516","targetHints":{"allow":["GET"]}}],"collection":[{"href":"https:\/\/www.lochting.com\/fr-be\/wp-json\/wp\/v2\/pages"}],"about":[{"href":"https:\/\/www.lochting.com\/fr-be\/wp-json\/wp\/v2\/types\/page"}],"author":[{"embeddable":true,"href":"https:\/\/www.lochting.com\/fr-be\/wp-json\/wp\/v2\/users\/1"}],"replies":[{"embeddable":true,"href":"https:\/\/www.lochting.com\/fr-be\/wp-json\/wp\/v2\/comments?post=516"}],"version-history":[{"count":40,"href":"https:\/\/www.lochting.com\/fr-be\/wp-json\/wp\/v2\/pages\/516\/revisions"}],"predecessor-version":[{"id":17778,"href":"https:\/\/www.lochting.com\/fr-be\/wp-json\/wp\/v2\/pages\/516\/revisions\/17778"}],"wp:attachment":[{"href":"https:\/\/www.lochting.com\/fr-be\/wp-json\/wp\/v2\/media?parent=516"}],"curies":[{"name":"wp","href":"https:\/\/api.w.org\/{rel}","templated":true}]}}