{"id":448,"date":"2020-09-11T12:35:10","date_gmt":"2020-09-11T12:35:10","guid":{"rendered":"https:\/\/lochting.dev003.baldwin.be\/about\/"},"modified":"2023-07-12T14:22:36","modified_gmt":"2023-07-12T14:22:36","slug":"about","status":"publish","type":"page","link":"https:\/\/www.lochting.com\/fr\/about\/","title":{"rendered":"Euh, lochting?"},"content":{"rendered":"\n<p class=\"has-text-align-center\"><p class=\"intro\" style=\"text-align: center;\">En vieux de flamand, un \u00ab lochting \u00bb est un jardin. Les premi\u00e8res traces \u00e9crites de ce terme remontent plus ou moins \u00e0 l\u2019an 1 200 apr\u00e8s J\u00e9sus-Christ. Il s\u2019agit d\u2019un lieu o\u00f9 l\u2019on se sent bien, o\u00f9 l\u2019on peut cultiver de belles choses sans devoir se d\u00e9placer. Comme la plateforme ! Lochting a \u00e9t\u00e9 pens\u00e9e pour aider votre pharmacie \u00e0 grandir, de mani\u00e8re \u00e0 ce que vous puissiez g\u00e9rer tous vos efforts commerciaux \u00e0 partir d\u2019un seul et m\u00eame endroit.<\/p>\n&nbsp;<\/p>\n\n\n<div class=\"wp-block-image\"><figure class=\"aligncenter\"><img decoding=\"async\" width=\"1000\" height=\"530\" src=\"https:\/\/www.lochting.com\/app\/uploads\/2021\/07\/Lochting.png\" alt=\"Lochting\" class=\"wp-image-1986\" title=\"Lochting\" srcset=\"https:\/\/www.lochting.com\/app\/uploads\/2021\/07\/Lochting.png 1000w, https:\/\/www.lochting.com\/app\/uploads\/2021\/07\/Lochting-250x133.png 250w, https:\/\/www.lochting.com\/app\/uploads\/2021\/07\/Lochting-768x407.png 768w, https:\/\/www.lochting.com\/app\/uploads\/2021\/07\/Lochting-90x48.png 90w, https:\/\/www.lochting.com\/app\/uploads\/2021\/07\/Lochting-105x56.png 105w, https:\/\/www.lochting.com\/app\/uploads\/2021\/07\/Lochting-500x265.png 500w\" sizes=\"(max-width: 576px) 100vw, (max-width: 768px) 50vw, (max-width: 992px) 40vw, (max-width: 1200px) 60vw, (max-width: 1400px) 80vw, 1700px\" \/><\/figure><\/div>\n\n\n<p>&nbsp;<p><strong>lochting*<\/strong> [terme n\u00e9erlandais d\u00e9signant un jardin, une cour], de {<em>lochtinc, lochten(e), lochteuine<\/em> [espace ouvert ou jardin attenant \u00e0 une maison] 1272}, de <em>look<\/em><em>1<\/em> [ail] et <em>tuin <\/em>[jardin], proche du vieil anglais <em>l\u0113ac-t\u016bn<\/em> [jardin potager] (proche de <em>loggia, loge, lobby<\/em>).<\/p><\/p>\n\n\n\n<p><strong>lochtink<\/strong> : potager, jardin. Surtout utilis\u00e9 en Flandre. N. masc. <em>lochtinc<\/em>, <em>lochtuun<\/em> \u00ab&nbsp;potager&nbsp;\u00bb, 1396 <em>lochtinc<\/em>, Audenarde (Hoebeke 1968), 1562 <em>lochtinc<\/em> \u00ab&nbsp;iardin&nbsp;\u00bb (Lambrecht), <em>lochtinck<\/em> \u00ab&nbsp;jardin&nbsp;\u00bb (Kiliaan). De <em>lochtuun &lt; looctuun<\/em> \u00ab&nbsp;jardin potager&nbsp;\u00bb. Proche du vieil anglais <em>l\u00eaact\u00fbn<\/em> \u00ab&nbsp;jardin potager&nbsp;\u00bb, anglais ancien <em>leighten<\/em> \u00ab&nbsp;jardin&nbsp;\u00bb. Hoebeke 1968, 410-414 ne voyait aucune meilleure explication que celle de C. Vereecken, mais a malgr\u00e9 tout des objections en vertu des anciennes formes d\u2019Audenarde&nbsp;: -1272 <em>lochtwijn<\/em>, 1285 <em>ieghen den lochtwijn<\/em>, 1288 <em>van .j. lochteuine<\/em>, 13e&nbsp;si\u00e8cle <em>lochtewin<\/em>, <em>\u00b1<\/em> 1300 <em>achter lays lochtuin<\/em>, 1320 <em>den lochtwine<\/em>, 1355 <em>van den lochtin<\/em>, 1369 <em>bruuns lochtwin.<\/em> &#8211; Bibl.: C. Tavernier-Vereecken, <em>De etymologie van lochting. Med. Ver. Naamk.<\/em> 28 (1952), 81-84.<\/p>\n\n\n\n<p class=\"has-text-align-left\"><strong>Meditech<\/strong>, leader du march\u00e9 en automatisation de pharmacies, et <strong>Baldwin<\/strong>, un pionnier des solutions de commerce unifi\u00e9, ont uni leurs forces pour donner naissance \u00e0 un outil unique, <strong>Lochting<\/strong>.<\/p>\n","protected":false},"excerpt":{"rendered":"<p>En vieux de flamand, un \u00ab lochting \u00bb est un jardin. Les premi\u00e8res traces \u00e9crites de ce terme remontent plus ou moins \u00e0 l\u2019an 1 200 apr\u00e8s J\u00e9sus-Christ. Il s\u2019agit d\u2019un lieu o\u00f9 l\u2019on se sent bien, o\u00f9 l\u2019on peut<\/p>\n","protected":false},"author":1,"featured_media":0,"parent":0,"menu_order":0,"comment_status":"closed","ping_status":"closed","template":"views\/template-no-contact-block.blade.php","meta":{"_acf_changed":false,"footnotes":""},"class_list":["post-448","page","type-page","status-publish","hentry"],"acf":[],"yoast_head":"<!-- This site is optimized with the Yoast SEO plugin v22.9 - https:\/\/yoast.com\/wordpress\/plugins\/seo\/ -->\n<title>\u00c0 propos du Jardin de commerce unifi\u00e9 | Lochting<\/title>\n<meta name=\"description\" content=\"Lochting, le Jardin de Commerce Unifi\u00e9, g\u00e8re tous les efforts commerciaux sur une seule plate-forme : webshop, appli, kiosque de commande, \u00e9crans digitaux et base de donn\u00e9es de produits.\" \/>\n<meta name=\"robots\" content=\"index, follow, max-snippet:-1, max-image-preview:large, max-video-preview:-1\" \/>\n<link rel=\"canonical\" href=\"https:\/\/www.lochting.com\/fr\/about\/\" \/>\n<meta property=\"og:locale\" content=\"fr_FR\" \/>\n<meta property=\"og:type\" content=\"article\" \/>\n<meta property=\"og:title\" content=\"\u00c0 propos du Jardin de commerce unifi\u00e9 | Lochting\" \/>\n<meta property=\"og:description\" content=\"Lochting, le Jardin de Commerce Unifi\u00e9, g\u00e8re tous les efforts commerciaux sur une seule plate-forme : webshop, appli, kiosque de commande, \u00e9crans digitaux et base de donn\u00e9es de produits.\" \/>\n<meta property=\"og:url\" content=\"https:\/\/www.lochting.com\/fr\/about\/\" \/>\n<meta property=\"og:site_name\" content=\"Lochting\" \/>\n<meta property=\"article:modified_time\" content=\"2023-07-12T14:22:36+00:00\" \/>\n<meta property=\"og:image\" content=\"https:\/\/wp-dev.lochting.com\/app\/uploads\/2021\/07\/Lochting.png\" \/>\n<meta name=\"twitter:card\" content=\"summary_large_image\" \/>\n<meta name=\"twitter:label1\" content=\"Est. reading time\" \/>\n\t<meta name=\"twitter:data1\" content=\"2 minutes\" \/>\n<script type=\"application\/ld+json\" class=\"yoast-schema-graph\">{\"@context\":\"https:\/\/schema.org\",\"@graph\":[{\"@type\":\"WebPage\",\"@id\":\"https:\/\/www.lochting.com\/fr\/about\/\",\"url\":\"https:\/\/www.lochting.com\/fr\/about\/\",\"name\":\"\u00c0 propos du Jardin de commerce unifi\u00e9 | Lochting\",\"isPartOf\":{\"@id\":\"https:\/\/www.lochting.com\/fr\/#website\"},\"primaryImageOfPage\":{\"@id\":\"https:\/\/www.lochting.com\/fr\/about\/#primaryimage\"},\"image\":{\"@id\":\"https:\/\/www.lochting.com\/fr\/about\/#primaryimage\"},\"thumbnailUrl\":\"https:\/\/www.lochting.com\/app\/uploads\/2021\/07\/Lochting.png\",\"datePublished\":\"2020-09-11T12:35:10+00:00\",\"dateModified\":\"2023-07-12T14:22:36+00:00\",\"description\":\"Lochting, le Jardin de Commerce Unifi\u00e9, g\u00e8re tous les efforts commerciaux sur une seule plate-forme : webshop, appli, kiosque de commande, \u00e9crans digitaux et base de donn\u00e9es de produits.\",\"breadcrumb\":{\"@id\":\"https:\/\/www.lochting.com\/fr\/about\/#breadcrumb\"},\"inLanguage\":\"fr-FR\",\"potentialAction\":[{\"@type\":\"ReadAction\",\"target\":[\"https:\/\/www.lochting.com\/fr\/about\/\"]}]},{\"@type\":\"ImageObject\",\"inLanguage\":\"fr-FR\",\"@id\":\"https:\/\/www.lochting.com\/fr\/about\/#primaryimage\",\"url\":\"https:\/\/www.lochting.com\/app\/uploads\/2021\/07\/Lochting.png\",\"contentUrl\":\"https:\/\/www.lochting.com\/app\/uploads\/2021\/07\/Lochting.png\"},{\"@type\":\"BreadcrumbList\",\"@id\":\"https:\/\/www.lochting.com\/fr\/about\/#breadcrumb\",\"itemListElement\":[{\"@type\":\"ListItem\",\"position\":1,\"name\":\"Home\",\"item\":\"https:\/\/www.lochting.com\/fr\/\"},{\"@type\":\"ListItem\",\"position\":2,\"name\":\"Euh, lochting?\"}]},{\"@type\":\"WebSite\",\"@id\":\"https:\/\/www.lochting.com\/fr\/#website\",\"url\":\"https:\/\/www.lochting.com\/fr\/\",\"name\":\"Lochting\",\"description\":\"All your pharmacy sales channels on one platform\",\"potentialAction\":[{\"@type\":\"SearchAction\",\"target\":{\"@type\":\"EntryPoint\",\"urlTemplate\":\"https:\/\/www.lochting.com\/fr\/?s={search_term_string}\"},\"query-input\":\"required name=search_term_string\"}],\"inLanguage\":\"fr-FR\"}]}<\/script>\n<!-- \/ Yoast SEO plugin. -->","yoast_head_json":{"title":"\u00c0 propos du Jardin de commerce unifi\u00e9 | Lochting","description":"Lochting, le Jardin de Commerce Unifi\u00e9, g\u00e8re tous les efforts commerciaux sur une seule plate-forme : webshop, appli, kiosque de commande, \u00e9crans digitaux et base de donn\u00e9es de produits.","robots":{"index":"index","follow":"follow","max-snippet":"max-snippet:-1","max-image-preview":"max-image-preview:large","max-video-preview":"max-video-preview:-1"},"canonical":"https:\/\/www.lochting.com\/fr\/about\/","og_locale":"fr_FR","og_type":"article","og_title":"\u00c0 propos du Jardin de commerce unifi\u00e9 | Lochting","og_description":"Lochting, le Jardin de Commerce Unifi\u00e9, g\u00e8re tous les efforts commerciaux sur une seule plate-forme : webshop, appli, kiosque de commande, \u00e9crans digitaux et base de donn\u00e9es de produits.","og_url":"https:\/\/www.lochting.com\/fr\/about\/","og_site_name":"Lochting","article_modified_time":"2023-07-12T14:22:36+00:00","og_image":[{"url":"https:\/\/wp-dev.lochting.com\/app\/uploads\/2021\/07\/Lochting.png"}],"twitter_card":"summary_large_image","twitter_misc":{"Est. reading time":"2 minutes"},"schema":{"@context":"https:\/\/schema.org","@graph":[{"@type":"WebPage","@id":"https:\/\/www.lochting.com\/fr\/about\/","url":"https:\/\/www.lochting.com\/fr\/about\/","name":"\u00c0 propos du Jardin de commerce unifi\u00e9 | Lochting","isPartOf":{"@id":"https:\/\/www.lochting.com\/fr\/#website"},"primaryImageOfPage":{"@id":"https:\/\/www.lochting.com\/fr\/about\/#primaryimage"},"image":{"@id":"https:\/\/www.lochting.com\/fr\/about\/#primaryimage"},"thumbnailUrl":"https:\/\/www.lochting.com\/app\/uploads\/2021\/07\/Lochting.png","datePublished":"2020-09-11T12:35:10+00:00","dateModified":"2023-07-12T14:22:36+00:00","description":"Lochting, le Jardin de Commerce Unifi\u00e9, g\u00e8re tous les efforts commerciaux sur une seule plate-forme : webshop, appli, kiosque de commande, \u00e9crans digitaux et base de donn\u00e9es de produits.","breadcrumb":{"@id":"https:\/\/www.lochting.com\/fr\/about\/#breadcrumb"},"inLanguage":"fr-FR","potentialAction":[{"@type":"ReadAction","target":["https:\/\/www.lochting.com\/fr\/about\/"]}]},{"@type":"ImageObject","inLanguage":"fr-FR","@id":"https:\/\/www.lochting.com\/fr\/about\/#primaryimage","url":"https:\/\/www.lochting.com\/app\/uploads\/2021\/07\/Lochting.png","contentUrl":"https:\/\/www.lochting.com\/app\/uploads\/2021\/07\/Lochting.png"},{"@type":"BreadcrumbList","@id":"https:\/\/www.lochting.com\/fr\/about\/#breadcrumb","itemListElement":[{"@type":"ListItem","position":1,"name":"Home","item":"https:\/\/www.lochting.com\/fr\/"},{"@type":"ListItem","position":2,"name":"Euh, lochting?"}]},{"@type":"WebSite","@id":"https:\/\/www.lochting.com\/fr\/#website","url":"https:\/\/www.lochting.com\/fr\/","name":"Lochting","description":"All your pharmacy sales channels on one platform","potentialAction":[{"@type":"SearchAction","target":{"@type":"EntryPoint","urlTemplate":"https:\/\/www.lochting.com\/fr\/?s={search_term_string}"},"query-input":"required name=search_term_string"}],"inLanguage":"fr-FR"}]}},"_links":{"self":[{"href":"https:\/\/www.lochting.com\/fr\/wp-json\/wp\/v2\/pages\/448","targetHints":{"allow":["GET"]}}],"collection":[{"href":"https:\/\/www.lochting.com\/fr\/wp-json\/wp\/v2\/pages"}],"about":[{"href":"https:\/\/www.lochting.com\/fr\/wp-json\/wp\/v2\/types\/page"}],"author":[{"embeddable":true,"href":"https:\/\/www.lochting.com\/fr\/wp-json\/wp\/v2\/users\/1"}],"replies":[{"embeddable":true,"href":"https:\/\/www.lochting.com\/fr\/wp-json\/wp\/v2\/comments?post=448"}],"version-history":[{"count":12,"href":"https:\/\/www.lochting.com\/fr\/wp-json\/wp\/v2\/pages\/448\/revisions"}],"predecessor-version":[{"id":15855,"href":"https:\/\/www.lochting.com\/fr\/wp-json\/wp\/v2\/pages\/448\/revisions\/15855"}],"wp:attachment":[{"href":"https:\/\/www.lochting.com\/fr\/wp-json\/wp\/v2\/media?parent=448"}],"curies":[{"name":"wp","href":"https:\/\/api.w.org\/{rel}","templated":true}]}}