{"id":518,"date":"2020-09-11T12:57:19","date_gmt":"2020-09-11T12:57:19","guid":{"rendered":"https:\/\/lochting.dev003.baldwin.be\/home\/"},"modified":"2023-10-18T12:46:04","modified_gmt":"2023-10-18T12:46:04","slug":"home","status":"publish","type":"page","link":"https:\/\/www.lochting.com\/fr\/","title":{"rendered":"Tous vos canaux de vente sur une seule plateforme"},"content":{"rendered":"<p class=\"intro small-content\" style=\"text-align: center;\">Lochting est <strong>la plateforme logicielle<\/strong> de Meditech Pharma et la technologie derri\u00e8re <span style=\"text-decoration: underline;\"><a href=\"https:\/\/www.lochting.com\/fr\/produits\/mt-shop\/\">votre boutique en ligne<\/a><\/span>, votre <span style=\"text-decoration: underline;\"><a href=\"https:\/\/www.lochting.com\/fr\/produits\/mt-matic\/\">kiosque de commande<\/a><\/span> et vos <span style=\"text-decoration: underline;\"><a href=\"https:\/\/www.lochting.com\/fr\/produits\/mt-vision\/\">\u00e9crans num\u00e9riques<\/a><\/span>. Tout est interconnect\u00e9, la seule mani\u00e8re pour vous de <strong>g\u00e9rer et d\u2019actualiser uniform\u00e9ment<\/strong> tous vos efforts commerciaux.<\/p>\n\n\n\n<lottie-player id=\"block-homepage-animated-banner-group-block_4a6949120f916165d57efcbc48caab51\"\n        autoplay\n        loop\n        mode=\"normal\"\n        debug\n        src=\"https:\/\/www.lochting.com\/app\/themes\/lochting\/dist\/images\/homepage\/homepage-hero_7ef9fa0d.json\"\n        class=\"lottie-player-tag\"\n>\n<\/lottie-player>\n\n\n\n\n    <div class=\"block-image-text\" id=\"block-block_65fa18b900441a5581e38840e16abca3\" >\n        <a href=\"https:\/\/www.lochting.com\/en\/products\/software-platform\/\" title=\"Software platform\" target=\"\" class=\"block-text-wrapper rma\">\n            One powerful software platform        <\/a>\n        <div class=\"block-image-wrapper\">\n            <lottie-player\n                autoplay\n                loop\n                mode=\"normal\"\n                src=\"https:\/\/www.lochting.com\/app\/themes\/lochting\/dist\/images\/vending-machine\/vending_machine_b686e178.json\"\n            >\n            <\/lottie-player>\n        <\/div>\n        <div class=\"leaves\">\n            <span><\/span>\n            <span><\/span>\n            <span><\/span>\n        <\/div>\n    <\/div>\n\n\n\n\n\n    <div class=\"block block-solutions\" id=\"block-solutions-group-block_38ab197b5734622238a3534f09c5d293\">\n        <h2>Save time and generate more revenue<\/h2>\n        <div class=\"solutions-wrapper\">\n                            <article class=\"solution-item\">\n                    <a class=\"rma\" href=\"https:\/\/www.lochting.com\/fr\/solutions\/connecter-votre-pharmacie\/\" title=\"En savoir plus\n\">\n                        <header>\n                            <div class=\"image-wrap\">\n                                <img decoding=\"async\" width=\"400\" height=\"300\" src=\"https:\/\/www.lochting.com\/app\/uploads\/2021\/07\/connect-400x300.png\" class=\"attachment-medium-small size-medium-small\" alt=\"connect\" srcset=\"https:\/\/www.lochting.com\/app\/uploads\/2021\/07\/connect-400x300.png 400w, https:\/\/www.lochting.com\/app\/uploads\/2021\/07\/connect-250x188.png 250w, https:\/\/www.lochting.com\/app\/uploads\/2021\/07\/connect-1024x768.png 1024w, https:\/\/www.lochting.com\/app\/uploads\/2021\/07\/connect-768x576.png 768w, https:\/\/www.lochting.com\/app\/uploads\/2021\/07\/connect-1536x1152.png 1536w, https:\/\/www.lochting.com\/app\/uploads\/2021\/07\/connect-2048x1536.png 2048w, https:\/\/www.lochting.com\/app\/uploads\/2021\/07\/connect-90x68.png 90w, https:\/\/www.lochting.com\/app\/uploads\/2021\/07\/connect-105x79.png 105w, https:\/\/www.lochting.com\/app\/uploads\/2021\/07\/connect-1300x975.png 1300w\" sizes=\"(max-width: 576px) 100vw, (max-width: 768px) 50vw, (max-width: 992px) 40vw, (max-width: 1200px) 60vw, (max-width: 1400px) 80vw, 1700px\" title=\"connect\" \/>                            <\/div>\n                        <\/header>\n                        <div class=\"entry-body\">\n                            <h2>Connecter votre pharmacie<\/h2>\n                            <div class=\"description\">\n                                Combinez et connectez tous les outils dont vous avez besoin sur une seule plateforme.\r\n                            <\/div>\n                        <\/div>\n                    <\/a>\n                    <div class=\"swipe-rma\">\n\n                    <\/div>\n                <\/article>\n                            <article class=\"solution-item\">\n                    <a class=\"rma\" href=\"https:\/\/www.lochting.com\/fr\/solutions\/mettre-vos-produits-en-evidence\/\" title=\"En savoir plus\n\">\n                        <header>\n                            <div class=\"image-wrap\">\n                                <img decoding=\"async\" width=\"400\" height=\"300\" src=\"https:\/\/www.lochting.com\/app\/uploads\/2021\/07\/spotlight-400x300.png\" class=\"attachment-medium-small size-medium-small\" alt=\"spotlight\" srcset=\"https:\/\/www.lochting.com\/app\/uploads\/2021\/07\/spotlight-400x300.png 400w, https:\/\/www.lochting.com\/app\/uploads\/2021\/07\/spotlight-250x188.png 250w, https:\/\/www.lochting.com\/app\/uploads\/2021\/07\/spotlight-1024x768.png 1024w, https:\/\/www.lochting.com\/app\/uploads\/2021\/07\/spotlight-768x576.png 768w, https:\/\/www.lochting.com\/app\/uploads\/2021\/07\/spotlight-1536x1152.png 1536w, https:\/\/www.lochting.com\/app\/uploads\/2021\/07\/spotlight-2048x1536.png 2048w, https:\/\/www.lochting.com\/app\/uploads\/2021\/07\/spotlight-90x68.png 90w, https:\/\/www.lochting.com\/app\/uploads\/2021\/07\/spotlight-105x79.png 105w, https:\/\/www.lochting.com\/app\/uploads\/2021\/07\/spotlight-1300x975.png 1300w\" sizes=\"(max-width: 576px) 100vw, (max-width: 768px) 50vw, (max-width: 992px) 40vw, (max-width: 1200px) 60vw, (max-width: 1400px) 80vw, 1700px\" title=\"spotlight\" \/>                            <\/div>\n                        <\/header>\n                        <div class=\"entry-body\">\n                            <h2>Mettre vos produits en \u00e9vidence<\/h2>\n                            <div class=\"description\">\n                                Informez vos clients au moyen d\u2019\u00e9crans num\u00e9riques tout en gagnant de la place dans votre espace de vente.\r\n                            <\/div>\n                        <\/div>\n                    <\/a>\n                    <div class=\"swipe-rma\">\n\n                    <\/div>\n                <\/article>\n                            <article class=\"solution-item\">\n                    <a class=\"rma\" href=\"https:\/\/www.lochting.com\/fr\/solutions\/servir-vos-clients-partout-tout-le-temps\/\" title=\"En savoir plus\n\">\n                        <header>\n                            <div class=\"image-wrap\">\n                                <img decoding=\"async\" width=\"400\" height=\"300\" src=\"https:\/\/www.lochting.com\/app\/uploads\/2021\/07\/serve-everywhere-400x300.png\" class=\"attachment-medium-small size-medium-small\" alt=\"Digital Screens Lochting\" srcset=\"https:\/\/www.lochting.com\/app\/uploads\/2021\/07\/serve-everywhere-400x300.png 400w, https:\/\/www.lochting.com\/app\/uploads\/2021\/07\/serve-everywhere-250x188.png 250w, https:\/\/www.lochting.com\/app\/uploads\/2021\/07\/serve-everywhere-1024x768.png 1024w, https:\/\/www.lochting.com\/app\/uploads\/2021\/07\/serve-everywhere-768x576.png 768w, https:\/\/www.lochting.com\/app\/uploads\/2021\/07\/serve-everywhere-1536x1152.png 1536w, https:\/\/www.lochting.com\/app\/uploads\/2021\/07\/serve-everywhere-2048x1536.png 2048w, https:\/\/www.lochting.com\/app\/uploads\/2021\/07\/serve-everywhere-90x68.png 90w, https:\/\/www.lochting.com\/app\/uploads\/2021\/07\/serve-everywhere-105x79.png 105w, https:\/\/www.lochting.com\/app\/uploads\/2021\/07\/serve-everywhere-1300x975.png 1300w\" sizes=\"(max-width: 576px) 100vw, (max-width: 768px) 50vw, (max-width: 992px) 40vw, (max-width: 1200px) 60vw, (max-width: 1400px) 80vw, 1700px\" title=\"Digital Screens Lochting\" \/>                            <\/div>\n                        <\/header>\n                        <div class=\"entry-body\">\n                            <h2>Servir vos patients partout, tout le temps<\/h2>\n                            <div class=\"description\">\n                                Cr\u00e9ez et g\u00e9rez vos canaux de vente num\u00e9riques sans perdre de temps.\r\n                            <\/div>\n                        <\/div>\n                    <\/a>\n                    <div class=\"swipe-rma\">\n\n                    <\/div>\n                <\/article>\n                            <article class=\"solution-item\">\n                    <a class=\"rma\" href=\"https:\/\/www.lochting.com\/fr\/solutions\/gerer-simplement-vos-communications-vous-meme\/\" title=\"En savoir plus\n\">\n                        <header>\n                            <div class=\"image-wrap\">\n                                <img decoding=\"async\" width=\"400\" height=\"300\" src=\"https:\/\/www.lochting.com\/app\/uploads\/2021\/07\/communication-400x300.png\" class=\"attachment-medium-small size-medium-small\" alt=\"Training &amp; Formation\" srcset=\"https:\/\/www.lochting.com\/app\/uploads\/2021\/07\/communication-400x300.png 400w, https:\/\/www.lochting.com\/app\/uploads\/2021\/07\/communication-250x188.png 250w, https:\/\/www.lochting.com\/app\/uploads\/2021\/07\/communication-1024x768.png 1024w, https:\/\/www.lochting.com\/app\/uploads\/2021\/07\/communication-768x576.png 768w, https:\/\/www.lochting.com\/app\/uploads\/2021\/07\/communication-1536x1152.png 1536w, https:\/\/www.lochting.com\/app\/uploads\/2021\/07\/communication-2048x1536.png 2048w, https:\/\/www.lochting.com\/app\/uploads\/2021\/07\/communication-90x68.png 90w, https:\/\/www.lochting.com\/app\/uploads\/2021\/07\/communication-105x79.png 105w, https:\/\/www.lochting.com\/app\/uploads\/2021\/07\/communication-1300x975.png 1300w\" sizes=\"(max-width: 576px) 100vw, (max-width: 768px) 50vw, (max-width: 992px) 40vw, (max-width: 1200px) 60vw, (max-width: 1400px) 80vw, 1700px\" title=\"Training &amp; Formation\" \/>                            <\/div>\n                        <\/header>\n                        <div class=\"entry-body\">\n                            <h2>G\u00e9rer simplement vos communications vous-m\u00eame<\/h2>\n                            <div class=\"description\">\n                                Utilisez des lay-out tout pr\u00eats et une base de donn\u00e9es avec des produits et du contenu.\r\n                            <\/div>\n                        <\/div>\n                    <\/a>\n                    <div class=\"swipe-rma\">\n\n                    <\/div>\n                <\/article>\n                    <\/div>\n        <div class=\"slide-progress\">\n            <span class=\"slide-progress-bar\"><\/span>\n        <\/div>\n    <\/div>\n","protected":false},"excerpt":{"rendered":"<p>Lochting est la plateforme logicielle de Meditech Pharma et la technologie derri\u00e8re votre boutique en ligne, votre kiosque de commande et vos \u00e9crans num\u00e9riques. Tout est interconnect\u00e9, la seule mani\u00e8re pour vous de g\u00e9rer et d\u2019actualiser uniform\u00e9ment tous vos efforts<\/p>\n","protected":false},"author":1,"featured_media":0,"parent":0,"menu_order":0,"comment_status":"closed","ping_status":"closed","template":"views\/template-homepage.blade.php","meta":{"_acf_changed":false,"footnotes":""},"class_list":["post-518","page","type-page","status-publish","hentry"],"acf":[],"yoast_head":"<!-- This site is optimized with the Yoast SEO plugin v22.9 - https:\/\/yoast.com\/wordpress\/plugins\/seo\/ -->\n<title>Lochting I Tous vos canaux de vente sur une seule plateforme<\/title>\n<meta name=\"description\" content=\"Lochting relie tous les canaux de vente tels que webshop, appli, kiosque de commande, \u00e9crans digitaux et base de donn\u00e9es de produits sur une seule plate-forme logicielle : le Jardin de Commerce Unifi\u00e9.\" \/>\n<meta name=\"robots\" content=\"index, follow, max-snippet:-1, max-image-preview:large, max-video-preview:-1\" \/>\n<link rel=\"canonical\" href=\"https:\/\/www.lochting.com\/fr\/\" \/>\n<meta property=\"og:locale\" content=\"fr_FR\" \/>\n<meta property=\"og:type\" content=\"article\" \/>\n<meta property=\"og:title\" content=\"Lochting I Tous vos canaux de vente sur une seule plateforme\" \/>\n<meta property=\"og:description\" content=\"Lochting relie tous les canaux de vente tels que webshop, appli, kiosque de commande, \u00e9crans digitaux et base de donn\u00e9es de produits sur une seule plate-forme logicielle : le Jardin de Commerce Unifi\u00e9.\" \/>\n<meta property=\"og:url\" content=\"https:\/\/www.lochting.com\/fr\/\" \/>\n<meta property=\"og:site_name\" content=\"Lochting\" \/>\n<meta property=\"article:modified_time\" content=\"2023-10-18T12:46:04+00:00\" \/>\n<meta name=\"twitter:card\" content=\"summary_large_image\" \/>\n<meta name=\"twitter:label1\" content=\"Est. reading time\" \/>\n\t<meta name=\"twitter:data1\" content=\"1 minute\" \/>\n<script type=\"application\/ld+json\" class=\"yoast-schema-graph\">{\"@context\":\"https:\/\/schema.org\",\"@graph\":[{\"@type\":\"WebPage\",\"@id\":\"https:\/\/www.lochting.com\/fr\/\",\"url\":\"https:\/\/www.lochting.com\/fr\/\",\"name\":\"Lochting I Tous vos canaux de vente sur une seule plateforme\",\"isPartOf\":{\"@id\":\"https:\/\/www.lochting.com\/fr\/#website\"},\"datePublished\":\"2020-09-11T12:57:19+00:00\",\"dateModified\":\"2023-10-18T12:46:04+00:00\",\"description\":\"Lochting relie tous les canaux de vente tels que webshop, appli, kiosque de commande, \u00e9crans digitaux et base de donn\u00e9es de produits sur une seule plate-forme logicielle : le Jardin de Commerce Unifi\u00e9.\",\"breadcrumb\":{\"@id\":\"https:\/\/www.lochting.com\/fr\/#breadcrumb\"},\"inLanguage\":\"fr-FR\",\"potentialAction\":[{\"@type\":\"ReadAction\",\"target\":[\"https:\/\/www.lochting.com\/fr\/\"]}]},{\"@type\":\"BreadcrumbList\",\"@id\":\"https:\/\/www.lochting.com\/fr\/#breadcrumb\",\"itemListElement\":[{\"@type\":\"ListItem\",\"position\":1,\"name\":\"Home\",\"item\":\"https:\/\/www.lochting.com\/fr\/\"},{\"@type\":\"ListItem\",\"position\":2,\"name\":\"Tous vos canaux de vente sur une seule plateforme\"}]},{\"@type\":\"WebSite\",\"@id\":\"https:\/\/www.lochting.com\/fr\/#website\",\"url\":\"https:\/\/www.lochting.com\/fr\/\",\"name\":\"Lochting\",\"description\":\"All your pharmacy sales channels on one platform\",\"potentialAction\":[{\"@type\":\"SearchAction\",\"target\":{\"@type\":\"EntryPoint\",\"urlTemplate\":\"https:\/\/www.lochting.com\/fr\/?s={search_term_string}\"},\"query-input\":\"required name=search_term_string\"}],\"inLanguage\":\"fr-FR\"}]}<\/script>\n<!-- \/ Yoast SEO plugin. -->","yoast_head_json":{"title":"Lochting I Tous vos canaux de vente sur une seule plateforme","description":"Lochting relie tous les canaux de vente tels que webshop, appli, kiosque de commande, \u00e9crans digitaux et base de donn\u00e9es de produits sur une seule plate-forme logicielle : le Jardin de Commerce Unifi\u00e9.","robots":{"index":"index","follow":"follow","max-snippet":"max-snippet:-1","max-image-preview":"max-image-preview:large","max-video-preview":"max-video-preview:-1"},"canonical":"https:\/\/www.lochting.com\/fr\/","og_locale":"fr_FR","og_type":"article","og_title":"Lochting I Tous vos canaux de vente sur une seule plateforme","og_description":"Lochting relie tous les canaux de vente tels que webshop, appli, kiosque de commande, \u00e9crans digitaux et base de donn\u00e9es de produits sur une seule plate-forme logicielle : le Jardin de Commerce Unifi\u00e9.","og_url":"https:\/\/www.lochting.com\/fr\/","og_site_name":"Lochting","article_modified_time":"2023-10-18T12:46:04+00:00","twitter_card":"summary_large_image","twitter_misc":{"Est. reading time":"1 minute"},"schema":{"@context":"https:\/\/schema.org","@graph":[{"@type":"WebPage","@id":"https:\/\/www.lochting.com\/fr\/","url":"https:\/\/www.lochting.com\/fr\/","name":"Lochting I Tous vos canaux de vente sur une seule plateforme","isPartOf":{"@id":"https:\/\/www.lochting.com\/fr\/#website"},"datePublished":"2020-09-11T12:57:19+00:00","dateModified":"2023-10-18T12:46:04+00:00","description":"Lochting relie tous les canaux de vente tels que webshop, appli, kiosque de commande, \u00e9crans digitaux et base de donn\u00e9es de produits sur une seule plate-forme logicielle : le Jardin de Commerce Unifi\u00e9.","breadcrumb":{"@id":"https:\/\/www.lochting.com\/fr\/#breadcrumb"},"inLanguage":"fr-FR","potentialAction":[{"@type":"ReadAction","target":["https:\/\/www.lochting.com\/fr\/"]}]},{"@type":"BreadcrumbList","@id":"https:\/\/www.lochting.com\/fr\/#breadcrumb","itemListElement":[{"@type":"ListItem","position":1,"name":"Home","item":"https:\/\/www.lochting.com\/fr\/"},{"@type":"ListItem","position":2,"name":"Tous vos canaux de vente sur une seule plateforme"}]},{"@type":"WebSite","@id":"https:\/\/www.lochting.com\/fr\/#website","url":"https:\/\/www.lochting.com\/fr\/","name":"Lochting","description":"All your pharmacy sales channels on one platform","potentialAction":[{"@type":"SearchAction","target":{"@type":"EntryPoint","urlTemplate":"https:\/\/www.lochting.com\/fr\/?s={search_term_string}"},"query-input":"required name=search_term_string"}],"inLanguage":"fr-FR"}]}},"_links":{"self":[{"href":"https:\/\/www.lochting.com\/fr\/wp-json\/wp\/v2\/pages\/518","targetHints":{"allow":["GET"]}}],"collection":[{"href":"https:\/\/www.lochting.com\/fr\/wp-json\/wp\/v2\/pages"}],"about":[{"href":"https:\/\/www.lochting.com\/fr\/wp-json\/wp\/v2\/types\/page"}],"author":[{"embeddable":true,"href":"https:\/\/www.lochting.com\/fr\/wp-json\/wp\/v2\/users\/1"}],"replies":[{"embeddable":true,"href":"https:\/\/www.lochting.com\/fr\/wp-json\/wp\/v2\/comments?post=518"}],"version-history":[{"count":22,"href":"https:\/\/www.lochting.com\/fr\/wp-json\/wp\/v2\/pages\/518\/revisions"}],"predecessor-version":[{"id":16385,"href":"https:\/\/www.lochting.com\/fr\/wp-json\/wp\/v2\/pages\/518\/revisions\/16385"}],"wp:attachment":[{"href":"https:\/\/www.lochting.com\/fr\/wp-json\/wp\/v2\/media?parent=518"}],"curies":[{"name":"wp","href":"https:\/\/api.w.org\/{rel}","templated":true}]}}