{"id":14516,"date":"2023-03-15T05:51:33","date_gmt":"2023-03-15T05:51:33","guid":{"rendered":"https:\/\/www.lochting.com\/?page_id=14516"},"modified":"2023-04-07T03:44:50","modified_gmt":"2023-04-07T03:44:50","slug":"unified-commerce-met-de-mt-shop-en-mt-matic","status":"publish","type":"page","link":"https:\/\/www.lochting.com\/nl\/unified-commerce-met-de-mt-shop-en-mt-matic\/","title":{"rendered":"Unified Commerce met de MT.shop en MT.matic"},"content":{"rendered":"<p>Meditech Pharma leidde begin maart de pilootfase in met 3 apotheken voor de MT.Matic muurautomaat op het Lochting platform. Dat betekent dat we nu ook eindelijk de cirkel rond hebben en <strong>het concept van unified commerce in de praktijk aan het werk kunnen tonen<\/strong>.<\/p>\n<p><img decoding=\"async\" class=\"alignnone size-full wp-image-14532\" title=\"piloten-automaat-unified\" src=\"https:\/\/www.lochting.com\/app\/uploads\/2023\/03\/piloten-automaat-unified.jpg\" alt=\"\" width=\"1200\" height=\"379\" srcset=\"https:\/\/www.lochting.com\/app\/uploads\/2023\/03\/piloten-automaat-unified.jpg 1200w, https:\/\/www.lochting.com\/app\/uploads\/2023\/03\/piloten-automaat-unified-250x79.jpg 250w, https:\/\/www.lochting.com\/app\/uploads\/2023\/03\/piloten-automaat-unified-1024x323.jpg 1024w, https:\/\/www.lochting.com\/app\/uploads\/2023\/03\/piloten-automaat-unified-768x243.jpg 768w, https:\/\/www.lochting.com\/app\/uploads\/2023\/03\/piloten-automaat-unified-90x28.jpg 90w, https:\/\/www.lochting.com\/app\/uploads\/2023\/03\/piloten-automaat-unified-105x33.jpg 105w, https:\/\/www.lochting.com\/app\/uploads\/2023\/03\/piloten-automaat-unified-500x158.jpg 500w\" sizes=\"(max-width: 576px) 100vw, (max-width: 768px) 50vw, (max-width: 992px) 40vw, (max-width: 1200px) 60vw, (max-width: 1400px) 80vw, 1700px\" \/><\/p>\n<p>Sinds de opstart van het Lochting project hebben we het doel gesteld om apothekers te helpen met digitalisering. En net als met onze robot producten draait het rond de automatisatie van manuele handelingen die (te) veel tijd kosten.<\/p>\n<p>De manier om daar te komen, is het verbinden van data- en communicatiekanalen. Hierbij komt alle info terecht op \u00e9\u00e9n plaats. Een voordeel voor de apotheker, maar ook voor de pati\u00ebnt. Zij genieten van een naadloze ervaring over alle kanalen. Zo kan die online de beschikbaarheid van producten checken, bestellen en afhalen in de apotheek of aan de automaat wanneer het hen het best uitkomt.<\/p>\n<h3><a href=\"https:\/\/www.lochting.com\/app\/uploads\/2023\/03\/oostpark-example-unified-commerce.jpg\"><img decoding=\"async\" class=\"alignright wp-image-14521\" title=\"oostpark-example-unified-commerce\" src=\"https:\/\/www.lochting.com\/app\/uploads\/2023\/03\/oostpark-example-unified-commerce-250x170.jpg\" alt=\"\" width=\"399\" height=\"272\" srcset=\"https:\/\/www.lochting.com\/app\/uploads\/2023\/03\/oostpark-example-unified-commerce-250x170.jpg 250w, https:\/\/www.lochting.com\/app\/uploads\/2023\/03\/oostpark-example-unified-commerce-1024x698.jpg 1024w, https:\/\/www.lochting.com\/app\/uploads\/2023\/03\/oostpark-example-unified-commerce-768x523.jpg 768w, https:\/\/www.lochting.com\/app\/uploads\/2023\/03\/oostpark-example-unified-commerce-90x61.jpg 90w, https:\/\/www.lochting.com\/app\/uploads\/2023\/03\/oostpark-example-unified-commerce-105x72.jpg 105w, https:\/\/www.lochting.com\/app\/uploads\/2023\/03\/oostpark-example-unified-commerce-440x300.jpg 440w, https:\/\/www.lochting.com\/app\/uploads\/2023\/03\/oostpark-example-unified-commerce-1300x886.jpg 1300w, https:\/\/www.lochting.com\/app\/uploads\/2023\/03\/oostpark-example-unified-commerce.jpg 1311w\" sizes=\"(max-width: 576px) 100vw, (max-width: 768px) 50vw, (max-width: 992px) 40vw, (max-width: 1200px) 60vw, (max-width: 1400px) 80vw, 1700px\" \/><\/a>Schoolvoorbeeld van unified commerce<\/h3>\n<p>E\u00e9n van de troeven die de Meditech Pharma klanten met een robot en automaat hebben, is die doorgedreven automatisatie.<\/p>\n<p><strong>Pati\u00ebnten kunnen zonder tussenkomst van de apotheker op de webshop bestellen en vervolgens afhalen aan de automaat.<\/strong> (behalve voor geneesmiddelen!) Een snelle en effici\u00ebnte afhandeling van de bestelling, dus. Maar meteen ook een verbeterde klantervaring \u00e9n tijdswinst voor de apotheker zelf.<\/p>\n<p><span style=\"text-decoration: underline;\"><a href=\"https:\/\/www.apotheekvanderstichele.be\/nl\/durex-love-condoms-6?q=Durex%20Love%20Condoms\"><strong>Op voorraad in de robot<\/strong><\/a><\/span><strong> &#8211; Durex Love Condoms<\/strong><\/p>\n<p>Het product is beschikbaar,\u00a0 je kan het product onmiddellijk komen afhalen uit de automaat wanneer je hier een bestelling plaatst.<\/p>\n<p><em>Door de integratie met de robot, kennen we altijd de robot voorraad.<\/em><\/p>\n<p><span style=\"text-decoration: underline;\"><a href=\"https:\/\/www.apotheekvanderstichele.be\/nl\/mustela-ps-wasolie-500ml?q=Mustela%20Wasolie\"><strong>Op voorraad in de apotheek maar niet in de robot<\/strong><\/a><\/span><strong> &#8211; Mustela Wasolie<\/strong><\/p>\n<p>Je kan het product afhalen vanaf (dag, tijdstip) wanneer je hier een bestelling plaatst.<\/p>\n<p><em>Door de integratie met de apotheek software, kennen we altijd de voorraad in de fysieke apotheek.<\/em><\/p>\n<p><span style=\"text-decoration: underline;\"><a href=\"https:\/\/www.apotheekvanderstichele.be\/nl\/a-vogel-famosan-contour\"><strong>Op voorraad bij de groothandel maar niet in de apotheek<\/strong><\/a><\/span><strong> &#8211; A. Vogel Famosan Contour<\/strong><\/p>\n<p>Je kan het product afhalen vanaf (dag, tijdstip) wanneer je hier een bestelling plaatst.<\/p>\n<p><em>Door de integratie met de groothandel, kennen we altijd de voorraad van jouw depot en wanneer ze kunnen leveren in je apotheek, dit gebruiken we om de klant te informeren.<\/em><\/p>\n<p><span style=\"text-decoration: underline;\"><a href=\"https:\/\/www.apotheekvanderstichele.be\/nl\/nurofen-kind-sinaas-susp-suikervrij-200ml\"><strong>OTC, geneesmiddel met niks van vereisten<\/strong><\/a><\/span><strong> &#8211; Nurofen Kind Sinaas Susp Suikervrij 200ml<br \/>\n<\/strong><\/p>\n<p>Het product is beschikbaar en je kan het product onmiddellijk komen afhalen uit de automaat wanneer u hier een bestelling plaatst.<\/p>\n<p><em>Dit gaat volautomatisch, de apotheek moet niets doen indien het product in de robot zit. Optioneel kan je hier een limiet zetten op het maximaal bestelbare aantal voor de pati\u00ebnt.<\/em><\/p>\n<p><a href=\"https:\/\/www.apotheekvanderstichele.be\/nl\/dafalgan-500mg-tabl-30?q=dafalgan\"><strong><span style=\"text-decoration: underline;\">Geneesmiddel met schriftelijk bewijs<\/span> &#8211; Dafalgan 500mg\u00a0<\/strong><\/a><\/p>\n<p>Dit product mag niet online betaald worden voor afhaling. Deze bestelling moeten de apotheker nakijken en goedkeuring geven, waarna een reservatie in de robot kan aangemaakt worden. Na de goedkeuring ontvangt de pati\u00ebnt een e-mail om de reservatie af te halen. De reservatie moet de pati\u00ebnt vervolgens aan de automaat betalen bij afhaling. Ook hier kan je optioneel een limiet zetten op het maximaal bestelbare aantal voor de pati\u00ebnt.<\/p>\n<h3>Lokaal en online gaan hand in hand<\/h3>\n<p><img decoding=\"async\" class=\"alignleft wp-image-14539\" title=\"unified-commerce-automaat\" src=\"https:\/\/www.lochting.com\/app\/uploads\/2023\/03\/unified-commerce-automaat-763x1024.jpg\" alt=\"\" width=\"400\" height=\"537\" srcset=\"https:\/\/www.lochting.com\/app\/uploads\/2023\/03\/unified-commerce-automaat-763x1024.jpg 763w, https:\/\/www.lochting.com\/app\/uploads\/2023\/03\/unified-commerce-automaat-186x250.jpg 186w, https:\/\/www.lochting.com\/app\/uploads\/2023\/03\/unified-commerce-automaat-768x1031.jpg 768w, https:\/\/www.lochting.com\/app\/uploads\/2023\/03\/unified-commerce-automaat-60x81.jpg 60w, https:\/\/www.lochting.com\/app\/uploads\/2023\/03\/unified-commerce-automaat-71x95.jpg 71w, https:\/\/www.lochting.com\/app\/uploads\/2023\/03\/unified-commerce-automaat-223x300.jpg 223w, https:\/\/www.lochting.com\/app\/uploads\/2023\/03\/unified-commerce-automaat.jpg 800w\" sizes=\"(max-width: 576px) 100vw, (max-width: 768px) 50vw, (max-width: 992px) 40vw, (max-width: 1200px) 60vw, (max-width: 1400px) 80vw, 1700px\" \/>Door het gebruik van het Lochting-platform kunnen lokale apothekers hun producten online verkopen en een breder publiek bereiken, terwijl ze toch hun lokale aanwezigheid behouden. Want <strong>ook voor de directe omgeving is het online verhaal een meerwaarde<\/strong>. Bovendien maakt het systeem het voor mensen mogelijk om gemakkelijk te zoeken naar de dichtstbijzijnde apotheek. Zo hebben ze het gemak van directe beschikbaarheid, terwijl ze meteen ook lokale ondernemers ondersteunen. Die directe beschikbaarheid en zorgverlenende functie is een grote meerwaarde van de plaatselijke apothekers, en een verhaal dat de grote online spelers simpelweg niet waar kunnen maken.<\/p>\n<p>In de huidige tijd waarin online winkelen steeds belangrijker wordt, toont dit project hoe l<strong>okale apothekers kunnen blijven concurreren met grote online retailers<\/strong>. Door ook online te zijn, ben je als apotheker een nog waardevollere aanvulling op de lokale gemeenschap.<\/p>\n<p>Kortom, dit project is niet alleen een voorbeeld van effici\u00ebntie en klantervaring. Het onderstreept ook de waarde van lokale apothekers en hoe belangrijk het is om ondersteuning te bieden aan plaatselijke gemeenschappen. Het benadrukt daarnaast dat innovatieve technologie\u00ebn en slimme logistiek perfect op lokaal niveau kunnen worden ingezet. Dit versterkt de positie t.o.v. de grote online retailers, wat van cruciaal belang is voor het behoud van lokale bedrijven en het stimuleren van de plaatselijke economie. En dat is precies wat Meditech Pharma beoogde met het Lochting project.<\/p>\n","protected":false},"excerpt":{"rendered":"<p>Meditech Pharma leidde begin maart de pilootfase in met 3 apotheken voor de MT.Matic muurautomaat op het Lochting platform. Dat betekent dat we nu ook eindelijk de cirkel rond hebben en het concept van unified commerce in de praktijk aan<\/p>\n","protected":false},"author":1,"featured_media":0,"parent":0,"menu_order":0,"comment_status":"closed","ping_status":"closed","template":"","meta":{"_acf_changed":false,"footnotes":""},"class_list":["post-14516","page","type-page","status-publish","hentry"],"acf":[],"yoast_head":"<!-- This site is optimized with the Yoast SEO plugin v22.9 - https:\/\/yoast.com\/wordpress\/plugins\/seo\/ -->\n<title>Unified Commerce met de MT.shop en MT.matic - Lochting<\/title>\n<meta name=\"robots\" content=\"index, follow, max-snippet:-1, max-image-preview:large, max-video-preview:-1\" \/>\n<link rel=\"canonical\" href=\"https:\/\/www.lochting.com\/nl\/unified-commerce-met-de-mt-shop-en-mt-matic\/\" \/>\n<meta property=\"og:locale\" content=\"nl_BE\" \/>\n<meta property=\"og:type\" content=\"article\" \/>\n<meta property=\"og:title\" content=\"Unified Commerce met de MT.shop en MT.matic - Lochting\" \/>\n<meta property=\"og:description\" content=\"Meditech Pharma leidde begin maart de pilootfase in met 3 apotheken voor de MT.Matic muurautomaat op het Lochting platform. Dat betekent dat we nu ook eindelijk de cirkel rond hebben en het concept van unified commerce in de praktijk aan\" \/>\n<meta property=\"og:url\" content=\"https:\/\/www.lochting.com\/nl\/unified-commerce-met-de-mt-shop-en-mt-matic\/\" \/>\n<meta property=\"og:site_name\" content=\"Lochting\" \/>\n<meta property=\"article:modified_time\" content=\"2023-04-07T03:44:50+00:00\" \/>\n<meta property=\"og:image\" content=\"https:\/\/www.lochting.com\/app\/uploads\/2023\/03\/piloten-automaat-unified.jpg\" \/>\n<meta name=\"twitter:card\" content=\"summary_large_image\" \/>\n<meta name=\"twitter:label1\" content=\"Est. reading time\" \/>\n\t<meta name=\"twitter:data1\" content=\"4 minutes\" \/>\n<script type=\"application\/ld+json\" class=\"yoast-schema-graph\">{\"@context\":\"https:\/\/schema.org\",\"@graph\":[{\"@type\":\"WebPage\",\"@id\":\"https:\/\/www.lochting.com\/nl\/unified-commerce-met-de-mt-shop-en-mt-matic\/\",\"url\":\"https:\/\/www.lochting.com\/nl\/unified-commerce-met-de-mt-shop-en-mt-matic\/\",\"name\":\"Unified Commerce met de MT.shop en MT.matic - Lochting\",\"isPartOf\":{\"@id\":\"https:\/\/www.lochting.com\/nl\/#website\"},\"primaryImageOfPage\":{\"@id\":\"https:\/\/www.lochting.com\/nl\/unified-commerce-met-de-mt-shop-en-mt-matic\/#primaryimage\"},\"image\":{\"@id\":\"https:\/\/www.lochting.com\/nl\/unified-commerce-met-de-mt-shop-en-mt-matic\/#primaryimage\"},\"thumbnailUrl\":\"https:\/\/www.lochting.com\/app\/uploads\/2023\/03\/piloten-automaat-unified.jpg\",\"datePublished\":\"2023-03-15T05:51:33+00:00\",\"dateModified\":\"2023-04-07T03:44:50+00:00\",\"breadcrumb\":{\"@id\":\"https:\/\/www.lochting.com\/nl\/unified-commerce-met-de-mt-shop-en-mt-matic\/#breadcrumb\"},\"inLanguage\":\"nl-BE\",\"potentialAction\":[{\"@type\":\"ReadAction\",\"target\":[\"https:\/\/www.lochting.com\/nl\/unified-commerce-met-de-mt-shop-en-mt-matic\/\"]}]},{\"@type\":\"ImageObject\",\"inLanguage\":\"nl-BE\",\"@id\":\"https:\/\/www.lochting.com\/nl\/unified-commerce-met-de-mt-shop-en-mt-matic\/#primaryimage\",\"url\":\"https:\/\/www.lochting.com\/app\/uploads\/2023\/03\/piloten-automaat-unified.jpg\",\"contentUrl\":\"https:\/\/www.lochting.com\/app\/uploads\/2023\/03\/piloten-automaat-unified.jpg\"},{\"@type\":\"BreadcrumbList\",\"@id\":\"https:\/\/www.lochting.com\/nl\/unified-commerce-met-de-mt-shop-en-mt-matic\/#breadcrumb\",\"itemListElement\":[{\"@type\":\"ListItem\",\"position\":1,\"name\":\"Home\",\"item\":\"https:\/\/www.lochting.com\/nl\/\"},{\"@type\":\"ListItem\",\"position\":2,\"name\":\"Unified Commerce met de MT.shop en MT.matic\"}]},{\"@type\":\"WebSite\",\"@id\":\"https:\/\/www.lochting.com\/nl\/#website\",\"url\":\"https:\/\/www.lochting.com\/nl\/\",\"name\":\"Lochting\",\"description\":\"All your pharmacy sales channels on one platform\",\"potentialAction\":[{\"@type\":\"SearchAction\",\"target\":{\"@type\":\"EntryPoint\",\"urlTemplate\":\"https:\/\/www.lochting.com\/nl\/?s={search_term_string}\"},\"query-input\":\"required name=search_term_string\"}],\"inLanguage\":\"nl-BE\"}]}<\/script>\n<!-- \/ Yoast SEO plugin. -->","yoast_head_json":{"title":"Unified Commerce met de MT.shop en MT.matic - Lochting","robots":{"index":"index","follow":"follow","max-snippet":"max-snippet:-1","max-image-preview":"max-image-preview:large","max-video-preview":"max-video-preview:-1"},"canonical":"https:\/\/www.lochting.com\/nl\/unified-commerce-met-de-mt-shop-en-mt-matic\/","og_locale":"nl_BE","og_type":"article","og_title":"Unified Commerce met de MT.shop en MT.matic - Lochting","og_description":"Meditech Pharma leidde begin maart de pilootfase in met 3 apotheken voor de MT.Matic muurautomaat op het Lochting platform. Dat betekent dat we nu ook eindelijk de cirkel rond hebben en het concept van unified commerce in de praktijk aan","og_url":"https:\/\/www.lochting.com\/nl\/unified-commerce-met-de-mt-shop-en-mt-matic\/","og_site_name":"Lochting","article_modified_time":"2023-04-07T03:44:50+00:00","og_image":[{"url":"https:\/\/www.lochting.com\/app\/uploads\/2023\/03\/piloten-automaat-unified.jpg"}],"twitter_card":"summary_large_image","twitter_misc":{"Est. reading time":"4 minutes"},"schema":{"@context":"https:\/\/schema.org","@graph":[{"@type":"WebPage","@id":"https:\/\/www.lochting.com\/nl\/unified-commerce-met-de-mt-shop-en-mt-matic\/","url":"https:\/\/www.lochting.com\/nl\/unified-commerce-met-de-mt-shop-en-mt-matic\/","name":"Unified Commerce met de MT.shop en MT.matic - Lochting","isPartOf":{"@id":"https:\/\/www.lochting.com\/nl\/#website"},"primaryImageOfPage":{"@id":"https:\/\/www.lochting.com\/nl\/unified-commerce-met-de-mt-shop-en-mt-matic\/#primaryimage"},"image":{"@id":"https:\/\/www.lochting.com\/nl\/unified-commerce-met-de-mt-shop-en-mt-matic\/#primaryimage"},"thumbnailUrl":"https:\/\/www.lochting.com\/app\/uploads\/2023\/03\/piloten-automaat-unified.jpg","datePublished":"2023-03-15T05:51:33+00:00","dateModified":"2023-04-07T03:44:50+00:00","breadcrumb":{"@id":"https:\/\/www.lochting.com\/nl\/unified-commerce-met-de-mt-shop-en-mt-matic\/#breadcrumb"},"inLanguage":"nl-BE","potentialAction":[{"@type":"ReadAction","target":["https:\/\/www.lochting.com\/nl\/unified-commerce-met-de-mt-shop-en-mt-matic\/"]}]},{"@type":"ImageObject","inLanguage":"nl-BE","@id":"https:\/\/www.lochting.com\/nl\/unified-commerce-met-de-mt-shop-en-mt-matic\/#primaryimage","url":"https:\/\/www.lochting.com\/app\/uploads\/2023\/03\/piloten-automaat-unified.jpg","contentUrl":"https:\/\/www.lochting.com\/app\/uploads\/2023\/03\/piloten-automaat-unified.jpg"},{"@type":"BreadcrumbList","@id":"https:\/\/www.lochting.com\/nl\/unified-commerce-met-de-mt-shop-en-mt-matic\/#breadcrumb","itemListElement":[{"@type":"ListItem","position":1,"name":"Home","item":"https:\/\/www.lochting.com\/nl\/"},{"@type":"ListItem","position":2,"name":"Unified Commerce met de MT.shop en MT.matic"}]},{"@type":"WebSite","@id":"https:\/\/www.lochting.com\/nl\/#website","url":"https:\/\/www.lochting.com\/nl\/","name":"Lochting","description":"All your pharmacy sales channels on one platform","potentialAction":[{"@type":"SearchAction","target":{"@type":"EntryPoint","urlTemplate":"https:\/\/www.lochting.com\/nl\/?s={search_term_string}"},"query-input":"required name=search_term_string"}],"inLanguage":"nl-BE"}]}},"_links":{"self":[{"href":"https:\/\/www.lochting.com\/nl\/wp-json\/wp\/v2\/pages\/14516","targetHints":{"allow":["GET"]}}],"collection":[{"href":"https:\/\/www.lochting.com\/nl\/wp-json\/wp\/v2\/pages"}],"about":[{"href":"https:\/\/www.lochting.com\/nl\/wp-json\/wp\/v2\/types\/page"}],"author":[{"embeddable":true,"href":"https:\/\/www.lochting.com\/nl\/wp-json\/wp\/v2\/users\/1"}],"replies":[{"embeddable":true,"href":"https:\/\/www.lochting.com\/nl\/wp-json\/wp\/v2\/comments?post=14516"}],"version-history":[{"count":9,"href":"https:\/\/www.lochting.com\/nl\/wp-json\/wp\/v2\/pages\/14516\/revisions"}],"predecessor-version":[{"id":14899,"href":"https:\/\/www.lochting.com\/nl\/wp-json\/wp\/v2\/pages\/14516\/revisions\/14899"}],"wp:attachment":[{"href":"https:\/\/www.lochting.com\/nl\/wp-json\/wp\/v2\/media?parent=14516"}],"curies":[{"name":"wp","href":"https:\/\/api.w.org\/{rel}","templated":true}]}}